{"id":230174,"date":"2023-08-21T12:59:13","date_gmt":"2023-08-21T10:59:13","guid":{"rendered":"https:\/\/die-mundgesundheitsstiftung.de\/?page_id=230174"},"modified":"2024-04-30T11:35:47","modified_gmt":"2024-04-30T09:35:47","slug":"i-love-my-implant","status":"publish","type":"page","link":"https:\/\/die-mundgesundheitsstiftung.de\/en\/i-love-my-implant\/","title":{"rendered":"I LOVE MY IMPLANT"},"content":{"rendered":"<p>[et_pb_section fb_built=&#8221;1&#8243; custom_padding_last_edited=&#8221;on|phone&#8221; next_background_color=&#8221;#ffffff&#8221; _builder_version=&#8221;4.24.0&#8243; _module_preset=&#8221;default&#8221; background_image=&#8221;https:\/\/die-mundgesundheitsstiftung.de\/media\/2023\/08\/slider-kollage.jpeg&#8221; background_enable_video_mp4=&#8221;off&#8221; custom_padding=&#8221;195px||127px||false|false&#8221; custom_padding_tablet=&#8221;200px||250px||false|false&#8221; custom_padding_phone=&#8221;50px||200px||false|false&#8221; bottom_divider_style=&#8221;curve2&#8243; border_radii_last_edited=&#8221;off|phone&#8221; global_colors_info=&#8221;{}&#8221;][et_pb_row column_structure=&#8221;3_4,1_4&#8243; _builder_version=&#8221;4.20.4&#8243; _module_preset=&#8221;default&#8221; global_colors_info=&#8221;{}&#8221;][et_pb_column type=&#8221;3_4&#8243; _builder_version=&#8221;4.20.4&#8243; _module_preset=&#8221;default&#8221; global_colors_info=&#8221;{}&#8221;][\/et_pb_column][et_pb_column type=&#8221;1_4&#8243; _builder_version=&#8221;4.20.4&#8243; _module_preset=&#8221;default&#8221; global_colors_info=&#8221;{}&#8221;][et_pb_image src=&#8221;https:\/\/die-mundgesundheitsstiftung.de\/media\/2023\/08\/logo-slider.png&#8221; title_text=&#8221;logo-slider&#8221; _builder_version=&#8221;4.20.4&#8243; _module_preset=&#8221;default&#8221; custom_margin=&#8221;104px|51px||||&#8221; global_colors_info=&#8221;{}&#8221;][\/et_pb_image][\/et_pb_column][\/et_pb_row][\/et_pb_section][et_pb_section fb_built=&#8221;1&#8243; _builder_version=&#8221;4.16&#8243; _module_preset=&#8221;default&#8221; custom_padding=&#8221;|0px||||&#8221; global_colors_info=&#8221;{}&#8221;][et_pb_row column_structure=&#8221;1_2,1_4,1_4&#8243; use_custom_gutter=&#8221;on&#8221; gutter_width=&#8221;1&#8243; make_equal=&#8221;on&#8221; _builder_version=&#8221;4.20.4&#8243; _module_preset=&#8221;default&#8221; background_color=&#8221;#FFFFFF&#8221; custom_margin=&#8221;-150px||||false|false&#8221; custom_padding=&#8221;0px||0px||true|false&#8221; border_color_all=&#8221;rgba(102,102,102,0.05)&#8221; box_shadow_style=&#8221;preset3&#8243; box_shadow_color=&#8221;RGBA(100,130,208,0.17)&#8221; global_colors_info=&#8221;{}&#8221;][et_pb_column type=&#8221;1_2&#8243; _builder_version=&#8221;4.20.4&#8243; _module_preset=&#8221;default&#8221; background_color=&#8221;#F5F5F5&#8243; custom_padding=&#8221;100px|50px|100px|50px|true|true&#8221; custom_padding_tablet=&#8221;100px|50px|100px|50px|true|true&#8221; custom_padding_phone=&#8221;50px|30px|50px|30px|true|true&#8221; custom_padding_last_edited=&#8221;on|phone&#8221; custom_css_main_element=&#8221;margin: auto;&#8221; global_colors_info=&#8221;{}&#8221;][et_pb_text _builder_version=&#8221;4.20.4&#8243; _module_preset=&#8221;default&#8221; header_2_font=&#8221;Poppins|700|||||||&#8221; header_2_text_color=&#8221;#000000&#8243; header_2_font_size=&#8221;25px&#8221; header_2_line_height=&#8221;1.7em&#8221; custom_margin=&#8221;||10px||false|false&#8221; global_colors_info=&#8221;{}&#8221;]<\/p>\n<h1>Love your implant!<\/h1>\n<p>[\/et_pb_text][et_pb_text _builder_version=&#8221;4.20.4&#8243; _module_preset=&#8221;default&#8221; text_font=&#8221;Mulish||||||||&#8221; text_text_color=&#8221;#7D8AA1&#8243; link_font=&#8221;|700|||||||&#8221; link_text_color=&#8221;#FE5E15&#8243; custom_margin=&#8221;||25px||false|false&#8221; global_colors_info=&#8221;{}&#8221;]<\/p>\n<h4><strong>Not only friendships want to be well maintained!<\/strong><\/h4>\n<p><strong><\/strong><\/p>\n<p>With proper care and continuous screening, your implants can now stay healthy and inflammation-free for much longer. Doubling the normal lifespan is now possible through new diagnostic procedures and targeted prevention. Here you will find important background information and valuable expert tips - healthy implants for life!<\/p>\n<p>[\/et_pb_text][et_pb_blurb title=&#8221;Dirk-Rolf Gieselmann&#8221; image=&#8221;https:\/\/die-mundgesundheitsstiftung.de\/media\/2023\/08\/dirk-rolf-gieselmann-dms-1-1.jpg&#8221; alt=&#8221;Dirk-Rolf Gieselmann&#8221; icon_placement=&#8221;left&#8221; image_icon_width=&#8221;80px&#8221; _builder_version=&#8221;4.24.3&#8243; _module_preset=&#8221;default&#8221; body_line_height=&#8221;1.5em&#8221; module_alignment=&#8221;left&#8221; custom_margin=&#8221;29px|||-26px|false|false&#8221; hover_enabled=&#8221;0&#8243; custom_css_blurb_title=&#8221;margin-top: 10px;&#8221; border_radii_image=&#8221;on|45px|45px|45px|45px&#8221; box_shadow_style_image=&#8221;preset1&#8243; locked=&#8221;off&#8221; global_colors_info=&#8221;{}&#8221; sticky_enabled=&#8221;0&#8243;]<\/p>\n<p>Board of Directors<\/p>\n<p>[\/et_pb_blurb][\/et_pb_column][et_pb_column type=&#8221;1_4&#8243; _builder_version=&#8221;4.16&#8243; _module_preset=&#8221;default&#8221; background_color=&#8221;#FFFFFF&#8221; custom_padding=&#8221;|20px||20px|false|true&#8221; custom_padding_tablet=&#8221;40px|20px|40px|20px|true|true&#8221; custom_padding_phone=&#8221;40px|20px|40px|20px|true|true&#8221; custom_padding_last_edited=&#8221;on|tablet&#8221; custom_css_main_element=&#8221;margin: auto;&#8221; global_colors_info=&#8221;{}&#8221;][et_pb_blurb title=&#8221;Aktion: Test your implant!&#8221; image_icon_width=&#8221;90px&#8221; _builder_version=&#8221;4.24.0&#8243; _module_preset=&#8221;default&#8221; header_font=&#8221;Poppins|700|||||||&#8221; header_text_align=&#8221;center&#8221; body_text_align=&#8221;center&#8221; custom_margin=&#8221;-15px||||false|false&#8221; global_colors_info=&#8221;{}&#8221;]<\/p>\n<p><span>Eine pr\u00e4ventive Versorgung Deiner Implantate f\u00fchrt zu einer besseren Implantatgesundheit, weniger Komplikationen, einer l\u00e4ngeren Tragedauer und Kosteneinsparungen von \u00fcber 10.000\u20ac.\u00a0 Die Deutsche Mundgesundheitsstiftung hat diese L\u00fccke erkannt und f\u00fchrt deshalb eine deutschlandweite Aktion durch. Erhalte von unseren Implant Safe Centern ein kostenloses CheckUp und eine individuelle Prophylaxe.<\/span><\/p>\n<p>[\/et_pb_blurb][et_pb_button button_url=&#8221;https:\/\/die-mundgesundheitsstiftung.de\/patienten\/#check&#8221; button_text=&#8221;Das will ich&#8221; button_alignment=&#8221;center&#8221; _builder_version=&#8221;4.23.1&#8243; _module_preset=&#8221;default&#8221; custom_button=&#8221;on&#8221; button_text_size=&#8221;15px&#8221; button_text_color=&#8221;#FE5E15&#8243; button_bg_color=&#8221;RGBA(255,255,255,0)&#8221; button_border_width=&#8221;0px&#8221; button_border_radius=&#8221;0px&#8221; button_font=&#8221;Poppins|||on|||||&#8221; button_icon=&#8221;&#x35;||divi||400&#8243; button_on_hover=&#8221;off&#8221; global_colors_info=&#8221;{}&#8221; button_bg_color__hover_enabled=&#8221;on|desktop&#8221; button_bg_color__hover=&#8221;RGBA(255,255,255,0)&#8221;][\/et_pb_button][\/et_pb_column][et_pb_column type=&#8221;1_4&#8243; _builder_version=&#8221;4.16&#8243; _module_preset=&#8221;default&#8221; background_color=&#8221;#FFFFFF&#8221; custom_padding=&#8221;|50px||20px|false|false&#8221; custom_padding_tablet=&#8221;40px|50px|40px|20px|true|false&#8221; custom_padding_phone=&#8221;40px|50px|40px|20px|true|false&#8221; custom_padding_last_edited=&#8221;on|tablet&#8221; custom_css_main_element=&#8221;margin: auto;&#8221; global_colors_info=&#8221;{}&#8221;][et_pb_blurb title=&#8221;Profis erkennst Du an diesem Siegel&#8230;&#8221; image_icon_width=&#8221;90px&#8221; _builder_version=&#8221;4.24.0&#8243; _module_preset=&#8221;default&#8221; header_font=&#8221;Poppins|700|||||||&#8221; header_text_align=&#8221;center&#8221; body_text_align=&#8221;center&#8221; custom_margin=&#8221;-82px||||false|false&#8221; custom_margin_tablet=&#8221;-380px||||false|false&#8221; custom_margin_phone=&#8221;-20px||||false|false&#8221; custom_margin_last_edited=&#8221;on|phone&#8221; custom_padding=&#8221;||19px||false|false&#8221; custom_padding_tablet=&#8221;||19px||false|false&#8221; custom_padding_phone=&#8221;||19px||false|false&#8221; custom_padding_last_edited=&#8221;on|desktop&#8221; global_colors_info=&#8221;{}&#8221;][\/et_pb_blurb][et_pb_image src=&#8221;https:\/\/die-mundgesundheitsstiftung.de\/media\/2023\/08\/Logo-Implant-Safe-Center-1024&#215;728-1.png&#8221; title_text=&#8221;Logo-Implant-Safe-Center-1024&#215;728&#8243; align_tablet=&#8221;&#8221; align_phone=&#8221;center&#8221; align_last_edited=&#8221;on|phone&#8221; _builder_version=&#8221;4.24.0&#8243; _module_preset=&#8221;default&#8221; max_width=&#8221;69%&#8221; module_alignment=&#8221;center&#8221; global_colors_info=&#8221;{}&#8221;][\/et_pb_image][et_pb_button button_url=&#8221;https:\/\/die-mundgesundheitsstiftung.de\/praxis-finder\/&#8221; button_text=&#8221;ZUM PRAXISFINDER&#8221; button_alignment=&#8221;center&#8221; _builder_version=&#8221;4.24.0&#8243; _module_preset=&#8221;default&#8221; custom_button=&#8221;on&#8221; button_text_size=&#8221;15px&#8221; button_text_color=&#8221;#FE5E15&#8243; button_bg_color=&#8221;RGBA(255,255,255,0)&#8221; button_border_width=&#8221;0px&#8221; button_border_radius=&#8221;0px&#8221; button_font=&#8221;Poppins|||on|||||&#8221; button_icon=&#8221;&#x35;||divi||400&#8243; button_on_hover=&#8221;off&#8221; custom_padding=&#8221;25px||||false|false&#8221; custom_padding_tablet=&#8221;25px||||false|false&#8221; custom_padding_phone=&#8221;25px||||false|false&#8221; custom_padding_last_edited=&#8221;on|desktop&#8221; global_colors_info=&#8221;{}&#8221; button_bg_color__hover_enabled=&#8221;on|desktop&#8221; button_bg_color__hover=&#8221;RGBA(255,255,255,0)&#8221;][\/et_pb_button][\/et_pb_column][\/et_pb_row][\/et_pb_section][et_pb_section fb_built=&#8221;1&#8243; _builder_version=&#8221;4.20.4&#8243; _module_preset=&#8221;default&#8221; custom_padding=&#8221;15px|||||&#8221; global_colors_info=&#8221;{}&#8221;][et_pb_row _builder_version=&#8221;4.20.4&#8243; _module_preset=&#8221;default&#8221; global_colors_info=&#8221;{}&#8221;][et_pb_column type=&#8221;4_4&#8243; _builder_version=&#8221;4.20.4&#8243; _module_preset=&#8221;default&#8221; global_colors_info=&#8221;{}&#8221;][et_pb_text _builder_version=&#8221;4.20.4&#8243; _module_preset=&#8221;default&#8221; header_2_font=&#8221;|700|||||||&#8221; header_2_font_size=&#8221;35px&#8221; header_2_line_height=&#8221;1.5em&#8221; custom_margin=&#8221;||15px||false|false&#8221; header_2_font_size_tablet=&#8221;35px&#8221; header_2_font_size_phone=&#8221;30px&#8221; header_2_font_size_last_edited=&#8221;on|phone&#8221; locked=&#8221;off&#8221; global_colors_info=&#8221;{}&#8221;]<\/p>\n<h2 style=\"text-align: center;\">Did you know?<\/h2>\n<p>[\/et_pb_text][et_pb_divider color=&#8221;#FE5E15&#8243; divider_weight=&#8221;3px&#8221; _builder_version=&#8221;4.20.4&#8243; _module_preset=&#8221;default&#8221; max_width=&#8221;8%&#8221; module_alignment=&#8221;center&#8221; global_colors_info=&#8221;{}&#8221;][\/et_pb_divider][et_pb_text _builder_version=&#8221;4.20.4&#8243; _module_preset=&#8221;default&#8221; text_font=&#8221;Mulish||||||||&#8221; text_text_color=&#8221;#7D8AA1&#8243; link_font=&#8221;|700|||||||&#8221; link_text_color=&#8221;#FE5E15&#8243; max_width=&#8221;90%&#8221; module_alignment=&#8221;center&#8221; custom_margin=&#8221;||25px||false|false&#8221; global_colors_info=&#8221;{}&#8221;]<\/p>\n<p>The average implant lifetime is currently approx. 15-20 years. Considering the absence of inflammation of the implants as an important health parameter, 2\/3 of all implants show significant inflammation already after 9 years (peri-implant mucositis = collagen degradation at the implant neck Source: Derks et.al. study).<\/p>\n<p>The goal of the I LOVE MY IMPLANT campaign is to increase inflammation-free implant longevity to 25-30 years through early detection and targeted prevention to promote the safety, health and sustainability of implant restorations.<br \/>Implants can cause considerable problems in the first few years if they are not cared for properly and attentively. If they are cared for regularly, they can last much longer and, with professional support from the dentist and regular check-ups, they can even last for more than 30 years.<\/p>\n<p>[\/et_pb_text][et_pb_image src=&#8221;https:\/\/die-mundgesundheitsstiftung.de\/media\/2023\/08\/implantat-lebenszyklus-notext-1.png&#8221; title_text=&#8221;implantat-lebenszyklus-notext (1)&#8221; align=&#8221;center&#8221; _builder_version=&#8221;4.20.4&#8243; _module_preset=&#8221;default&#8221; custom_margin=&#8221;38px|||||&#8221; global_colors_info=&#8221;{}&#8221;][\/et_pb_image][\/et_pb_column][\/et_pb_row][\/et_pb_section][et_pb_section fb_built=&#8221;1&#8243; next_background_color=&#8221;#FFFFFF&#8221; _builder_version=&#8221;4.20.4&#8243; _module_preset=&#8221;default&#8221; background_color=&#8221;#f8f8f8&#8243; custom_padding=&#8221;39px||0px|||&#8221; bottom_divider_style=&#8221;curve2&#8243; global_colors_info=&#8221;{}&#8221;][et_pb_row _builder_version=&#8221;4.20.4&#8243; _module_preset=&#8221;default&#8221; custom_padding=&#8221;||165px|||&#8221; global_colors_info=&#8221;{}&#8221;][et_pb_column type=&#8221;4_4&#8243; _builder_version=&#8221;4.20.4&#8243; _module_preset=&#8221;default&#8221; global_colors_info=&#8221;{}&#8221;][dipi_dual_heading first_heading=&#8221;FAQ&#8221; fh_padding=&#8221;0px|10px|0px|10px|false|true&#8221; bt_style=&#8221;stroke&#8221; bt_stroke_color=&#8221;#e9ecef&#8221; bt_stroke_fill=&#8221;RGBA(255,255,255,0)&#8221; background_text_color_gradient_direction=&#8221;90deg&#8221; background_text_color_gradient_stops=&#8221;#00235a 0%|#7d8aa1 100%&#8221; background_text_color_gradient_start=&#8221;#00235a&#8221; background_text_color_gradient_end=&#8221;#7d8aa1&#8243; bt_padding=&#8221;0px|0px|0px||false|false&#8221; bt_margin=&#8221;|0px|0px|10px|false|false&#8221; _builder_version=&#8221;4.20.4&#8243; _module_preset=&#8221;default&#8221; first_heading_text_color=&#8221;#FE5E15&#8243; first_heading_font_size=&#8221;14px&#8221; first_heading_letter_spacing=&#8221;3px&#8221; background_text_font=&#8221;|||on|||||&#8221; background_text_text_align=&#8221;left&#8221; background_text_font_size=&#8221;80px&#8221; text_orientation=&#8221;left&#8221; custom_margin=&#8221;||||false|false&#8221; background_text_font_size_tablet=&#8221;80px&#8221; background_text_font_size_phone=&#8221;50px&#8221; background_text_font_size_last_edited=&#8221;on|phone&#8221; custom_css_main_element=&#8221;margin-bottom: 25px !important;&#8221; border_color_left=&#8221;#FE5E15&#8243; border_width_left_bt_border=&#8221;5px&#8221; locked=&#8221;off&#8221; global_colors_info=&#8221;{}&#8221; background_text_text_color__hover_enabled=&#8221;off|desktop&#8221; overlay_bg_color_gradient_type_tablet=&#8221;linear&#8221; overlay_bg_color_gradient_type_phone=&#8221;linear&#8221; overlay_bg_color_gradient_type__hover=&#8221;linear&#8221; image_bg_color_gradient_type__hover=&#8221;linear&#8221;][\/dipi_dual_heading][et_pb_text _builder_version=&#8221;4.20.4&#8243; _module_preset=&#8221;default&#8221; header_2_font=&#8221;|700|||||||&#8221; header_2_font_size=&#8221;35px&#8221; header_2_line_height=&#8221;1.5em&#8221; custom_margin=&#8221;||60px||false|false&#8221; header_2_font_size_tablet=&#8221;35px&#8221; header_2_font_size_phone=&#8221;30px&#8221; header_2_font_size_last_edited=&#8221;on|phone&#8221; locked=&#8221;off&#8221; global_colors_info=&#8221;{}&#8221;]<\/p>\n<h2>Knowledge<\/h2>\n<p>[\/et_pb_text][et_pb_blog fullwidth=&#8221;off&#8221; posts_number=&#8221;9&#8243; include_categories=&#8221;67&#8243; show_more=&#8221;on&#8221; show_author=&#8221;off&#8221; show_date=&#8221;off&#8221; show_categories=&#8221;off&#8221; _builder_version=&#8221;4.20.4&#8243; _module_preset=&#8221;default&#8221; read_more_font=&#8221;|||on|||||&#8221; read_more_font_size=&#8221;16px&#8221; read_more_line_height=&#8221;3.4em&#8221; border_radii=&#8221;on|32px|32px|32px|32px&#8221; box_shadow_style=&#8221;preset1&#8243; global_colors_info=&#8221;{}&#8221;][\/et_pb_blog][\/et_pb_column][\/et_pb_row][\/et_pb_section]<\/p>","protected":false},"excerpt":{"rendered":"<p>Liebe Dein Implantat!Nicht nur Freundschaften wollen gut gepflegt werden! Mit der richtigen Pflege und kontinuierlichem Screening k\u00f6nnen Deine Implantate jetzt wesentlich l\u00e4nger gesund und entz\u00fcndungsfrei bleiben. Eine Verdoppelung der normalen Lebensdauer wird nun durch neue Diagnostik-Verfahren und zielgerichtete Pr\u00e4vention m\u00f6glich. Hier findest Du wichtige Hintergrundinformationen und wertvolle Experten Tipps &#8211; Gesunde Implantate ein Leben lang!VorstandEine [&hellip;]<\/p>","protected":false},"author":1,"featured_media":0,"parent":0,"menu_order":0,"comment_status":"closed","ping_status":"closed","template":"","meta":{"_et_pb_use_builder":"on","_et_pb_old_content":"","_et_gb_content_width":"","footnotes":""},"dipi_cpt_category":[],"class_list":["post-230174","page","type-page","status-publish","hentry"],"yoast_head":"<!-- This site is optimized with the Yoast SEO plugin v24.6 - https:\/\/yoast.com\/wordpress\/plugins\/seo\/ -->\n<title>I LOVE MY IMPLANT - DMS Deutsche Mundgesundheitsstiftung<\/title>\n<meta name=\"robots\" content=\"index, follow, max-snippet:-1, max-image-preview:large, max-video-preview:-1\" \/>\n<link rel=\"canonical\" href=\"https:\/\/die-mundgesundheitsstiftung.de\/en\/i-love-my-implant\/\" \/>\n<meta property=\"og:locale\" content=\"en_US\" \/>\n<meta property=\"og:type\" content=\"article\" \/>\n<meta property=\"og:title\" content=\"I LOVE MY IMPLANT - DMS Deutsche Mundgesundheitsstiftung\" \/>\n<meta property=\"og:description\" content=\"Liebe Dein Implantat!Nicht nur Freundschaften wollen gut gepflegt werden! Mit der richtigen Pflege und kontinuierlichem Screening k\u00f6nnen Deine Implantate jetzt wesentlich l\u00e4nger gesund und entz\u00fcndungsfrei bleiben. Eine Verdoppelung der normalen Lebensdauer wird nun durch neue Diagnostik-Verfahren und zielgerichtete Pr\u00e4vention m\u00f6glich. Hier findest Du wichtige Hintergrundinformationen und wertvolle Experten Tipps - Gesunde Implantate ein Leben lang!VorstandEine [&hellip;]\" \/>\n<meta property=\"og:url\" content=\"https:\/\/die-mundgesundheitsstiftung.de\/en\/i-love-my-implant\/\" \/>\n<meta property=\"og:site_name\" content=\"DMS Deutsche Mundgesundheitsstiftung\" \/>\n<meta property=\"article:modified_time\" content=\"2024-04-30T09:35:47+00:00\" \/>\n<meta name=\"twitter:card\" content=\"summary_large_image\" \/>\n<meta name=\"twitter:label1\" content=\"Est. reading time\" \/>\n\t<meta name=\"twitter:data1\" content=\"5 minutes\" \/>\n<script type=\"application\/ld+json\" class=\"yoast-schema-graph\">{\"@context\":\"https:\/\/schema.org\",\"@graph\":[{\"@type\":\"WebPage\",\"@id\":\"https:\/\/die-mundgesundheitsstiftung.de\/i-love-my-implant\/\",\"url\":\"https:\/\/die-mundgesundheitsstiftung.de\/i-love-my-implant\/\",\"name\":\"I LOVE MY IMPLANT - DMS Deutsche Mundgesundheitsstiftung\",\"isPartOf\":{\"@id\":\"https:\/\/die-mundgesundheitsstiftung.de\/#website\"},\"datePublished\":\"2023-08-21T10:59:13+00:00\",\"dateModified\":\"2024-04-30T09:35:47+00:00\",\"breadcrumb\":{\"@id\":\"https:\/\/die-mundgesundheitsstiftung.de\/i-love-my-implant\/#breadcrumb\"},\"inLanguage\":\"en-US\",\"potentialAction\":[{\"@type\":\"ReadAction\",\"target\":[\"https:\/\/die-mundgesundheitsstiftung.de\/i-love-my-implant\/\"]}]},{\"@type\":\"BreadcrumbList\",\"@id\":\"https:\/\/die-mundgesundheitsstiftung.de\/i-love-my-implant\/#breadcrumb\",\"itemListElement\":[{\"@type\":\"ListItem\",\"position\":1,\"name\":\"Startseite\",\"item\":\"https:\/\/die-mundgesundheitsstiftung.de\/\"},{\"@type\":\"ListItem\",\"position\":2,\"name\":\"I LOVE MY IMPLANT\"}]},{\"@type\":\"WebSite\",\"@id\":\"https:\/\/die-mundgesundheitsstiftung.de\/#website\",\"url\":\"https:\/\/die-mundgesundheitsstiftung.de\/\",\"name\":\"DMS Deutsche Mundgesundheitsstiftung\",\"description\":\"DMS Deutsche Mundgesundheitsstiftung\",\"potentialAction\":[{\"@type\":\"SearchAction\",\"target\":{\"@type\":\"EntryPoint\",\"urlTemplate\":\"https:\/\/die-mundgesundheitsstiftung.de\/?s={search_term_string}\"},\"query-input\":{\"@type\":\"PropertyValueSpecification\",\"valueRequired\":true,\"valueName\":\"search_term_string\"}}],\"inLanguage\":\"en-US\"}]}<\/script>\n<!-- \/ Yoast SEO plugin. -->","yoast_head_json":{"title":"I LOVE MY IMPLANT - DMS Deutsche Mundgesundheitsstiftung","robots":{"index":"index","follow":"follow","max-snippet":"max-snippet:-1","max-image-preview":"max-image-preview:large","max-video-preview":"max-video-preview:-1"},"canonical":"https:\/\/die-mundgesundheitsstiftung.de\/en\/i-love-my-implant\/","og_locale":"en_US","og_type":"article","og_title":"I LOVE MY IMPLANT - DMS Deutsche Mundgesundheitsstiftung","og_description":"Liebe Dein Implantat!Nicht nur Freundschaften wollen gut gepflegt werden! Mit der richtigen Pflege und kontinuierlichem Screening k\u00f6nnen Deine Implantate jetzt wesentlich l\u00e4nger gesund und entz\u00fcndungsfrei bleiben. Eine Verdoppelung der normalen Lebensdauer wird nun durch neue Diagnostik-Verfahren und zielgerichtete Pr\u00e4vention m\u00f6glich. Hier findest Du wichtige Hintergrundinformationen und wertvolle Experten Tipps - Gesunde Implantate ein Leben lang!VorstandEine [&hellip;]","og_url":"https:\/\/die-mundgesundheitsstiftung.de\/en\/i-love-my-implant\/","og_site_name":"DMS Deutsche Mundgesundheitsstiftung","article_modified_time":"2024-04-30T09:35:47+00:00","twitter_card":"summary_large_image","twitter_misc":{"Est. reading time":"5 minutes"},"schema":{"@context":"https:\/\/schema.org","@graph":[{"@type":"WebPage","@id":"https:\/\/die-mundgesundheitsstiftung.de\/i-love-my-implant\/","url":"https:\/\/die-mundgesundheitsstiftung.de\/i-love-my-implant\/","name":"I LOVE MY IMPLANT - DMS Deutsche Mundgesundheitsstiftung","isPartOf":{"@id":"https:\/\/die-mundgesundheitsstiftung.de\/#website"},"datePublished":"2023-08-21T10:59:13+00:00","dateModified":"2024-04-30T09:35:47+00:00","breadcrumb":{"@id":"https:\/\/die-mundgesundheitsstiftung.de\/i-love-my-implant\/#breadcrumb"},"inLanguage":"en-US","potentialAction":[{"@type":"ReadAction","target":["https:\/\/die-mundgesundheitsstiftung.de\/i-love-my-implant\/"]}]},{"@type":"BreadcrumbList","@id":"https:\/\/die-mundgesundheitsstiftung.de\/i-love-my-implant\/#breadcrumb","itemListElement":[{"@type":"ListItem","position":1,"name":"Startseite","item":"https:\/\/die-mundgesundheitsstiftung.de\/"},{"@type":"ListItem","position":2,"name":"I LOVE MY IMPLANT"}]},{"@type":"WebSite","@id":"https:\/\/die-mundgesundheitsstiftung.de\/#website","url":"https:\/\/die-mundgesundheitsstiftung.de\/","name":"DMS Deutsche Mundgesundheitsstiftung","description":"DMS Deutsche Mundgesundheitsstiftung","potentialAction":[{"@type":"SearchAction","target":{"@type":"EntryPoint","urlTemplate":"https:\/\/die-mundgesundheitsstiftung.de\/?s={search_term_string}"},"query-input":{"@type":"PropertyValueSpecification","valueRequired":true,"valueName":"search_term_string"}}],"inLanguage":"en-US"}]}},"_links":{"self":[{"href":"https:\/\/die-mundgesundheitsstiftung.de\/en\/wp-json\/wp\/v2\/pages\/230174","targetHints":{"allow":["GET"]}}],"collection":[{"href":"https:\/\/die-mundgesundheitsstiftung.de\/en\/wp-json\/wp\/v2\/pages"}],"about":[{"href":"https:\/\/die-mundgesundheitsstiftung.de\/en\/wp-json\/wp\/v2\/types\/page"}],"author":[{"embeddable":true,"href":"https:\/\/die-mundgesundheitsstiftung.de\/en\/wp-json\/wp\/v2\/users\/1"}],"replies":[{"embeddable":true,"href":"https:\/\/die-mundgesundheitsstiftung.de\/en\/wp-json\/wp\/v2\/comments?post=230174"}],"version-history":[{"count":0,"href":"https:\/\/die-mundgesundheitsstiftung.de\/en\/wp-json\/wp\/v2\/pages\/230174\/revisions"}],"wp:attachment":[{"href":"https:\/\/die-mundgesundheitsstiftung.de\/en\/wp-json\/wp\/v2\/media?parent=230174"}],"wp:term":[{"taxonomy":"dipi_cpt_category","embeddable":true,"href":"https:\/\/die-mundgesundheitsstiftung.de\/en\/wp-json\/wp\/v2\/dipi_cpt_category?post=230174"}],"curies":[{"name":"wp","href":"https:\/\/api.w.org\/{rel}","templated":true}]}}