{"id":23418062,"date":"2023-08-28T23:06:26","date_gmt":"2023-08-28T21:06:26","guid":{"rendered":"https:\/\/die-mundgesundheitsstiftung.de\/?page_id=23418062"},"modified":"2023-09-05T09:14:19","modified_gmt":"2023-09-05T07:14:19","slug":"stipendium-tickets","status":"publish","type":"page","link":"https:\/\/die-mundgesundheitsstiftung.de\/en\/stipendium-tickets\/","title":{"rendered":"Stipendium tickets"},"content":{"rendered":"<p>[et_pb_section fb_built=&#8221;1&#8243; _builder_version=&#8221;4.20.4&#8243; _module_preset=&#8221;default&#8221; background_image=&#8221;https:\/\/die-mundgesundheitsstiftung.de\/media\/2023\/08\/fg-bg.png&#8221; custom_padding=&#8221;145px||214px|||&#8221; global_colors_info=&#8221;{}&#8221;][et_pb_row column_structure=&#8221;1_3,2_3&#8243; use_custom_gutter=&#8221;on&#8221; gutter_width=&#8221;1&#8243; make_equal=&#8221;on&#8221; _builder_version=&#8221;4.22.1&#8243; _module_preset=&#8221;default&#8221; background_color=&#8221;#FFFFFF&#8221; custom_padding=&#8221;0px||0px||false|false&#8221; border_radii=&#8221;on|20px|20px|20px|20px&#8221; box_shadow_style=&#8221;preset1&#8243; box_shadow_vertical=&#8221;40px&#8221; box_shadow_blur=&#8221;70px&#8221; box_shadow_color=&#8221;rgba(24,46,104,0.1)&#8221; global_colors_info=&#8221;{}&#8221;][et_pb_column type=&#8221;1_3&#8243; _builder_version=&#8221;4.22.1&#8243; _module_preset=&#8221;default&#8221; background_color=&#8221;#FE5E15&#8243; custom_padding=&#8221;200px||50px||false|false&#8221; custom_padding_tablet=&#8221;60px||60px||false|false&#8221; custom_padding_phone=&#8221;|30px||30px|false|false&#8221; custom_padding_last_edited=&#8221;on|phone&#8221; global_colors_info=&#8221;{}&#8221;][et_pb_blurb title=&#8221;Stipendium der DMS&#8221; image_icon_background_color=&#8221;#f9faff&#8221; image_icon_width=&#8221;34px&#8221; title_tablet=&#8221;Stipendium der DMS&#8221; title_phone=&#8221;Stipendium der DMS&#8221; title_last_edited=&#8221;on|phone&#8221; _builder_version=&#8221;4.22.1&#8243; _module_preset=&#8221;default&#8221; header_font=&#8221;|700|||||||&#8221; header_text_color=&#8221;#FFFFFF&#8221; header_font_size=&#8221;29px&#8221; body_text_color=&#8221;#FFFFFF&#8221; body_font_size=&#8221;18px&#8221; image_icon_custom_padding=&#8221;25px|28px|25px|28px|false|false&#8221; text_orientation=&#8221;center&#8221; custom_margin=&#8221;-142px||60px||false|false&#8221; custom_margin_tablet=&#8221;0px||60px||false|false&#8221; custom_margin_phone=&#8221;0px||60px||false|false&#8221; custom_margin_last_edited=&#8221;on|tablet&#8221; custom_padding=&#8221;|23px||23px|false|true&#8221; hover_enabled=&#8221;0&#8243; body_font_size_tablet=&#8221;18px&#8221; body_font_size_phone=&#8221;15px&#8221; body_font_size_last_edited=&#8221;on|phone&#8221; border_radii_image=&#8221;on|100px|100px|100px|100px&#8221; border_width_all_image=&#8221;2px&#8221; border_color_all_image=&#8221;#f4f4f6&#8243; global_colors_info=&#8221;{}&#8221; sticky_enabled=&#8221;0&#8243;]<\/p>\n<p style=\"text-align: center;\">Bewerben Sie sich mit bis zu 3 Personen aus Ihrer Praxis f\u00fcr das Stipendiatenprogramm der Deutschen Mundgesundheitsstiftung.<\/p>\n<p style=\"text-align: center;\">Im Rahmen des Stipendiatenprogramms f\u00f6rdern wir mit 50% Tickets (Tagestickets, Workshops und Dinner) f\u00fcr den Bensberger Kongress<br \/>\nam 15.09-16.09.2023 auf Schloss Bensberg.<\/p>\n<p style=\"text-align: center;\">[\/et_pb_blurb][et_pb_code _builder_version=&#8221;4.22.1&#8243; _module_preset=&#8221;default&#8221; custom_margin=&#8221;-31px|||||&#8221; locked=&#8221;off&#8221; global_colors_info=&#8221;{}&#8221;]<div class=\"_df_book df-lite\" id=\"df_23417895\"  _slug=\"kongress-einladung\" data-title=\"kongress-einladung\" wpoptions=\"true\" thumb=\"https:\/\/die-mundgesundheitsstiftung.de\/media\/2023\/08\/Einladung_Bensberg_2023-1.jpg\" thumbtype=\"\" ><\/div><script class=\"df-shortcode-script\" nowprocket type=\"application\/javascript\">window.option_df_23417895 = {\"outline\":[],\"autoEnableOutline\":\"false\",\"autoEnableThumbnail\":\"false\",\"overwritePDFOutline\":\"false\",\"direction\":\"1\",\"pageSize\":\"0\",\"source\":\"https:\\\/\\\/die-mundgesundheitsstiftung.de\\\/wp-content\\\/uploads\\\/2023\\\/08\\\/28_Einladung_Bensberg_20233.pdf\",\"wpOptions\":\"true\"}; if(window.DFLIP && window.DFLIP.parseBooks){window.DFLIP.parseBooks();}<\/script>[\/et_pb_code][\/et_pb_column][et_pb_column type=&#8221;2_3&#8243; _builder_version=&#8221;4.20.4&#8243; _module_preset=&#8221;default&#8221; background_color=&#8221;#FFFFFF&#8221; custom_padding=&#8221;60px|60px|60px|60px|false|false&#8221; custom_padding_tablet=&#8221;60px|60px|60px|60px|false|false&#8221; custom_padding_phone=&#8221;60px|30px|60px|30px|false|false&#8221; custom_padding_last_edited=&#8221;on|phone&#8221; global_colors_info=&#8221;{}&#8221;][dipi_gravity_forms_styler gf_form_id=&#8221;1&#8243; form_desc=&#8221;hide&#8221; progress_bar_bg_color=&#8221;#F5F5F5&#8243; progress_bar_active_bg_color=&#8221;#FE5E15&#8243; input_field_padding=&#8221;15px|15px|15px|15px|false|false&#8221; input_field_bg_color=&#8221;#f9faff&#8221; textarea_field_padding=&#8221;15px|15px|15px|15px|false|false&#8221; textarea_field_bg_color=&#8221;#f9faff&#8221; select_field_padding=&#8221;15px|8px|15px|8px|false|false&#8221; select_field_bg_color=&#8221;#f9faff&#8221; use_custom_select_arrow=&#8221;on&#8221; select_arrow_margin=&#8221;|10px|||false|false&#8221; select_arrow_padding=&#8221;0px|6px|0px|6px|false|false&#8221; checkbox_radio_container_bg_color=&#8221;RGBA(255,255,255,0)&#8221; checkbox_radio_one_option_margin=&#8221;||10px||false|false&#8221; checkbox_radio_button_size=&#8221;18px&#8221; checkbox_radio_button_color=&#8221;#a6a8b6&#8243; _builder_version=&#8221;4.22.1&#8243; _module_preset=&#8221;default&#8221; progressbar_label_font=&#8221;|700|||||||&#8221; input_field_placeholder_text_color=&#8221;#a6a8b6&#8243; select_field_text_color=&#8221;#a6a8b6&#8243; custom_all=&#8221;on&#8221; all_text_color=&#8221;#F5F5F5&#8243; all_bg_color=&#8221;#FE5E15&#8243; all_border_color=&#8221;#FE5E15&#8243; all_border_radius=&#8221;28px&#8221; all_font=&#8221;|||on|||||&#8221; custom_prev=&#8221;on&#8221; prev_text_size=&#8221;12px&#8221; prev_text_color=&#8221;#333333&#8243; prev_bg_color=&#8221;#F5F5F5&#8243; prev_border_width=&#8221;4px&#8221; prev_border_color=&#8221;#F5F5F5&#8243; prev_border_radius=&#8221;31px&#8221; border_radii_progress_bar=&#8221;on|4px|4px|4px|4px&#8221; border_width_all_progress_bar=&#8221;2px&#8221; border_color_all_progress_bar=&#8221;#f4f4f6&#8243; border_radii_progress_active_bar=&#8221;off|4px|4px|4px|4px&#8221; border_radii_input_field=&#8221;on|4px|4px|4px|4px&#8221; border_width_all_input_field=&#8221;2px&#8221; border_color_all_input_field=&#8221;#f4f4f6&#8243; border_radii_textarea_field=&#8221;on|4px|4px|4px|4px&#8221; border_width_all_textarea_field=&#8221;1px&#8221; border_color_all_textarea_field=&#8221;#f4f4f6&#8243; border_radii_select_field=&#8221;on|4px|4px|4px|4px&#8221; border_width_all_select_field=&#8221;2px&#8221; border_color_all_select_field=&#8221;#f4f4f6&#8243; global_colors_info=&#8221;{}&#8221;][\/dipi_gravity_forms_styler][\/et_pb_column][\/et_pb_row][\/et_pb_section]<\/p>\n","protected":false},"excerpt":{"rendered":"<p>Bewerben Sie sich mit bis zu 3 Personen aus Ihrer Praxis f\u00fcr das Stipendiatenprogramm der Deutschen Mundgesundheitsstiftung. Im Rahmen des Stipendiatenprogramms f\u00f6rdern wir mit 50% Tickets (Tagestickets, Workshops und Dinner) f\u00fcr den Bensberger Kongress am 15.09-16.09.2023 auf Schloss Bensberg. <div class=\"_df_book df-lite\" id=\"df_23417895\"  _slug=\"kongress-einladung\" data-title=\"kongress-einladung\" wpoptions=\"true\" thumb=\"https:\/\/die-mundgesundheitsstiftung.de\/media\/2023\/08\/Einladung_Bensberg_2023-1.jpg\" thumbtype=\"\" ><\/div><script class=\"df-shortcode-script\" nowprocket type=\"application\/javascript\">window.option_df_23417895 = {\"outline\":[],\"autoEnableOutline\":\"false\",\"autoEnableThumbnail\":\"false\",\"overwritePDFOutline\":\"false\",\"direction\":\"1\",\"pageSize\":\"0\",\"source\":\"https:\\\/\\\/die-mundgesundheitsstiftung.de\\\/wp-content\\\/uploads\\\/2023\\\/08\\\/28_Einladung_Bensberg_20233.pdf\",\"wpOptions\":\"true\"}; if(window.DFLIP && window.DFLIP.parseBooks){window.DFLIP.parseBooks();}<\/script><div class=\"et_pb_module dipi_gravity_forms_styler dipi_gravity_forms_styler_0\">\n\t\t\t\t\n\t\t\t\t\n\t\t\t\t\n\t\t\t\t\n\t\t\t\t\n\t\t\t\t\n\t\t\t\t<div class=\"et_pb_module_inner\">\n\t\t\t\t\t<div class=\"dipi_gf_styler_container\" data-config=\"{&quot;order_class&quot;:&quot;dipi_gravity_forms_styler_0&quot;,&quot;custom_all&quot;:&quot;off&quot;,&quot;all_use_icon&quot;:&quot;on&quot;,&quot;all_icon&quot;:&quot;&quot;,&quot;all_icon_tablet&quot;:&quot;&quot;,&quot;all_icon_phone&quot;:&quot;&quot;,&quot;all_icon_last_edited&quot;:&quot;&quot;,&quot;custom_next&quot;:&quot;off&quot;,&quot;next_use_icon&quot;:&quot;on&quot;,&quot;next_icon&quot;:&quot;&quot;,&quot;next_icon_tablet&quot;:&quot;&quot;,&quot;next_icon_phone&quot;:&quot;&quot;,&quot;next_icon_last_edited&quot;:&quot;&quot;,&quot;custom_prev&quot;:&quot;off&quot;,&quot;prev_use_icon&quot;:&quot;on&quot;,&quot;prev_icon&quot;:&quot;&quot;,&quot;prev_icon_tablet&quot;:&quot;&quot;,&quot;prev_icon_phone&quot;:&quot;&quot;,&quot;prev_icon_last_edited&quot;:&quot;&quot;,&quot;custom_submit&quot;:&quot;off&quot;,&quot;submit_use_icon&quot;:&quot;on&quot;,&quot;submit_icon&quot;:&quot;&quot;,&quot;submit_icon_tablet&quot;:&quot;&quot;,&quot;submit_icon_phone&quot;:&quot;&quot;,&quot;submit_icon_last_edited&quot;:&quot;&quot;,&quot;use_custom_select_arrow&quot;:&quot;&amp;#8221;on&amp;#8221;&quot;,&quot;select_arrow_use_icon&quot;:&quot;off&quot;,&quot;select_arrow_icon_last_edited&quot;:&quot;&quot;,&quot;select_arrow_icon&quot;:&quot;&amp;#xf078;||fa||900&quot;,&quot;select_arrow_icon_tablet&quot;:&quot;&quot;,&quot;select_arrow_icon_phone&quot;:&quot;&quot;}\">\n                <div class=\"alert\">\n                    No form selected.\n                    <br>\n                    Please select a form form the dropdown list of 'Choose Gravity Form'.\n                <\/div>\n            <\/div>\n\t\t\t\t<\/div>\n\t\t\t<\/div><\/p>","protected":false},"author":1,"featured_media":0,"parent":0,"menu_order":0,"comment_status":"closed","ping_status":"closed","template":"","meta":{"_et_pb_use_builder":"on","_et_pb_old_content":"","_et_gb_content_width":"","footnotes":""},"dipi_cpt_category":[],"class_list":["post-23418062","page","type-page","status-publish","hentry"],"yoast_head":"<!-- This site is optimized with the Yoast SEO plugin v27.4 - https:\/\/yoast.com\/product\/yoast-seo-wordpress\/ -->\n<title>Stipendium tickets - DMS Deutsche Mundgesundheitsstiftung<\/title>\n<meta name=\"robots\" content=\"index, follow, max-snippet:-1, max-image-preview:large, max-video-preview:-1\" \/>\n<link rel=\"canonical\" href=\"https:\/\/die-mundgesundheitsstiftung.de\/en\/stipendium-tickets\/\" \/>\n<meta property=\"og:locale\" content=\"en_US\" \/>\n<meta property=\"og:type\" content=\"article\" \/>\n<meta property=\"og:title\" content=\"Stipendium tickets - DMS Deutsche Mundgesundheitsstiftung\" \/>\n<meta property=\"og:description\" content=\"Bewerben Sie sich mit bis zu 3 Personen aus Ihrer Praxis f\u00fcr das Stipendiatenprogramm der Deutschen Mundgesundheitsstiftung. Im Rahmen des Stipendiatenprogramms f\u00f6rdern wir mit 50% Tickets (Tagestickets, Workshops und Dinner) f\u00fcr den Bensberger Kongress am 15.09-16.09.2023 auf Schloss Bensberg.\" \/>\n<meta property=\"og:url\" content=\"https:\/\/die-mundgesundheitsstiftung.de\/en\/stipendium-tickets\/\" \/>\n<meta property=\"og:site_name\" content=\"DMS Deutsche Mundgesundheitsstiftung\" \/>\n<meta property=\"article:modified_time\" content=\"2023-09-05T07:14:19+00:00\" \/>\n<meta name=\"twitter:card\" content=\"summary_large_image\" \/>\n<script type=\"application\/ld+json\" class=\"yoast-schema-graph\">{\"@context\":\"https:\\\/\\\/schema.org\",\"@graph\":[{\"@type\":\"WebPage\",\"@id\":\"https:\\\/\\\/die-mundgesundheitsstiftung.de\\\/stipendium-tickets\\\/\",\"url\":\"https:\\\/\\\/die-mundgesundheitsstiftung.de\\\/stipendium-tickets\\\/\",\"name\":\"Stipendium tickets - DMS Deutsche Mundgesundheitsstiftung\",\"isPartOf\":{\"@id\":\"https:\\\/\\\/die-mundgesundheitsstiftung.de\\\/#website\"},\"datePublished\":\"2023-08-28T21:06:26+00:00\",\"dateModified\":\"2023-09-05T07:14:19+00:00\",\"breadcrumb\":{\"@id\":\"https:\\\/\\\/die-mundgesundheitsstiftung.de\\\/stipendium-tickets\\\/#breadcrumb\"},\"inLanguage\":\"en-US\",\"potentialAction\":[{\"@type\":\"ReadAction\",\"target\":[\"https:\\\/\\\/die-mundgesundheitsstiftung.de\\\/stipendium-tickets\\\/\"]}]},{\"@type\":\"BreadcrumbList\",\"@id\":\"https:\\\/\\\/die-mundgesundheitsstiftung.de\\\/stipendium-tickets\\\/#breadcrumb\",\"itemListElement\":[{\"@type\":\"ListItem\",\"position\":1,\"name\":\"Startseite\",\"item\":\"https:\\\/\\\/die-mundgesundheitsstiftung.de\\\/\"},{\"@type\":\"ListItem\",\"position\":2,\"name\":\"Stipendium tickets\"}]},{\"@type\":\"WebSite\",\"@id\":\"https:\\\/\\\/die-mundgesundheitsstiftung.de\\\/#website\",\"url\":\"https:\\\/\\\/die-mundgesundheitsstiftung.de\\\/\",\"name\":\"DMS Deutsche Mundgesundheitsstiftung\",\"description\":\"DMS Deutsche Mundgesundheitsstiftung\",\"potentialAction\":[{\"@type\":\"SearchAction\",\"target\":{\"@type\":\"EntryPoint\",\"urlTemplate\":\"https:\\\/\\\/die-mundgesundheitsstiftung.de\\\/?s={search_term_string}\"},\"query-input\":{\"@type\":\"PropertyValueSpecification\",\"valueRequired\":true,\"valueName\":\"search_term_string\"}}],\"inLanguage\":\"en-US\"}]}<\/script>\n<!-- \/ Yoast SEO plugin. -->","yoast_head_json":{"title":"Stipendium tickets - DMS Deutsche Mundgesundheitsstiftung","robots":{"index":"index","follow":"follow","max-snippet":"max-snippet:-1","max-image-preview":"max-image-preview:large","max-video-preview":"max-video-preview:-1"},"canonical":"https:\/\/die-mundgesundheitsstiftung.de\/en\/stipendium-tickets\/","og_locale":"en_US","og_type":"article","og_title":"Stipendium tickets - DMS Deutsche Mundgesundheitsstiftung","og_description":"Bewerben Sie sich mit bis zu 3 Personen aus Ihrer Praxis f\u00fcr das Stipendiatenprogramm der Deutschen Mundgesundheitsstiftung. Im Rahmen des Stipendiatenprogramms f\u00f6rdern wir mit 50% Tickets (Tagestickets, Workshops und Dinner) f\u00fcr den Bensberger Kongress am 15.09-16.09.2023 auf Schloss Bensberg.","og_url":"https:\/\/die-mundgesundheitsstiftung.de\/en\/stipendium-tickets\/","og_site_name":"DMS Deutsche Mundgesundheitsstiftung","article_modified_time":"2023-09-05T07:14:19+00:00","twitter_card":"summary_large_image","schema":{"@context":"https:\/\/schema.org","@graph":[{"@type":"WebPage","@id":"https:\/\/die-mundgesundheitsstiftung.de\/stipendium-tickets\/","url":"https:\/\/die-mundgesundheitsstiftung.de\/stipendium-tickets\/","name":"Stipendium tickets - DMS Deutsche Mundgesundheitsstiftung","isPartOf":{"@id":"https:\/\/die-mundgesundheitsstiftung.de\/#website"},"datePublished":"2023-08-28T21:06:26+00:00","dateModified":"2023-09-05T07:14:19+00:00","breadcrumb":{"@id":"https:\/\/die-mundgesundheitsstiftung.de\/stipendium-tickets\/#breadcrumb"},"inLanguage":"en-US","potentialAction":[{"@type":"ReadAction","target":["https:\/\/die-mundgesundheitsstiftung.de\/stipendium-tickets\/"]}]},{"@type":"BreadcrumbList","@id":"https:\/\/die-mundgesundheitsstiftung.de\/stipendium-tickets\/#breadcrumb","itemListElement":[{"@type":"ListItem","position":1,"name":"Startseite","item":"https:\/\/die-mundgesundheitsstiftung.de\/"},{"@type":"ListItem","position":2,"name":"Stipendium tickets"}]},{"@type":"WebSite","@id":"https:\/\/die-mundgesundheitsstiftung.de\/#website","url":"https:\/\/die-mundgesundheitsstiftung.de\/","name":"DMS Deutsche Mundgesundheitsstiftung","description":"DMS Deutsche Mundgesundheitsstiftung","potentialAction":[{"@type":"SearchAction","target":{"@type":"EntryPoint","urlTemplate":"https:\/\/die-mundgesundheitsstiftung.de\/?s={search_term_string}"},"query-input":{"@type":"PropertyValueSpecification","valueRequired":true,"valueName":"search_term_string"}}],"inLanguage":"en-US"}]}},"_links":{"self":[{"href":"https:\/\/die-mundgesundheitsstiftung.de\/en\/wp-json\/wp\/v2\/pages\/23418062","targetHints":{"allow":["GET"]}}],"collection":[{"href":"https:\/\/die-mundgesundheitsstiftung.de\/en\/wp-json\/wp\/v2\/pages"}],"about":[{"href":"https:\/\/die-mundgesundheitsstiftung.de\/en\/wp-json\/wp\/v2\/types\/page"}],"author":[{"embeddable":true,"href":"https:\/\/die-mundgesundheitsstiftung.de\/en\/wp-json\/wp\/v2\/users\/1"}],"replies":[{"embeddable":true,"href":"https:\/\/die-mundgesundheitsstiftung.de\/en\/wp-json\/wp\/v2\/comments?post=23418062"}],"version-history":[{"count":0,"href":"https:\/\/die-mundgesundheitsstiftung.de\/en\/wp-json\/wp\/v2\/pages\/23418062\/revisions"}],"wp:attachment":[{"href":"https:\/\/die-mundgesundheitsstiftung.de\/en\/wp-json\/wp\/v2\/media?parent=23418062"}],"wp:term":[{"taxonomy":"dipi_cpt_category","embeddable":true,"href":"https:\/\/die-mundgesundheitsstiftung.de\/en\/wp-json\/wp\/v2\/dipi_cpt_category?post=23418062"}],"curies":[{"name":"wp","href":"https:\/\/api.w.org\/{rel}","templated":true}]}}