{"id":23418577,"date":"2023-09-26T10:47:50","date_gmt":"2023-09-26T08:47:50","guid":{"rendered":"https:\/\/die-mundgesundheitsstiftung.de\/?page_id=23418577"},"modified":"2023-09-28T15:39:48","modified_gmt":"2023-09-28T13:39:48","slug":"senator-werden-x34x","status":"publish","type":"page","link":"https:\/\/die-mundgesundheitsstiftung.de\/en\/senator-werden-x34x\/","title":{"rendered":"Become a senator"},"content":{"rendered":"<p>[et_pb_section fb_built=&#8221;1&#8243; _builder_version=&#8221;4.20.4&#8243; _module_preset=&#8221;default&#8221; background_image=&#8221;https:\/\/die-mundgesundheitsstiftung.de\/media\/2023\/08\/fg-bg.png&#8221; custom_padding=&#8221;145px||214px|||&#8221; global_colors_info=&#8221;{}&#8221;][et_pb_row column_structure=&#8221;1_3,2_3&#8243; use_custom_gutter=&#8221;on&#8221; gutter_width=&#8221;1&#8243; make_equal=&#8221;on&#8221; _builder_version=&#8221;4.22.1&#8243; _module_preset=&#8221;default&#8221; background_color=&#8221;#FFFFFF&#8221; custom_padding=&#8221;0px||0px||false|false&#8221; border_radii=&#8221;on|20px|20px|20px|20px&#8221; box_shadow_style=&#8221;preset1&#8243; box_shadow_vertical=&#8221;40px&#8221; box_shadow_blur=&#8221;70px&#8221; box_shadow_color=&#8221;rgba(24,46,104,0.1)&#8221; global_colors_info=&#8221;{}&#8221;][et_pb_column type=&#8221;1_3&#8243; _builder_version=&#8221;4.22.1&#8243; _module_preset=&#8221;default&#8221; background_color=&#8221;#FE5E15&#8243; custom_padding=&#8221;200px||50px||false|false&#8221; custom_padding_tablet=&#8221;60px||60px||false|false&#8221; custom_padding_phone=&#8221;|30px||30px|false|false&#8221; custom_padding_last_edited=&#8221;on|phone&#8221; global_colors_info=&#8221;{}&#8221;][et_pb_blurb title=&#8221;Ihre Vorteile&#8221; image_icon_background_color=&#8221;#f9faff&#8221; image_icon_width=&#8221;34px&#8221; title_tablet=&#8221;Stipendium der DMS&#8221; title_phone=&#8221;Stipendium der DMS&#8221; title_last_edited=&#8221;on|phone&#8221; _builder_version=&#8221;4.22.1&#8243; _module_preset=&#8221;default&#8221; header_font=&#8221;|700|||||||&#8221; header_text_color=&#8221;#FFFFFF&#8221; header_font_size=&#8221;29px&#8221; body_text_color=&#8221;#FFFFFF&#8221; body_font_size=&#8221;18px&#8221; body_line_height=&#8221;2em&#8221; body_ul_line_height=&#8221;1.7em&#8221; image_icon_custom_padding=&#8221;25px|28px|25px|28px|false|false&#8221; text_orientation=&#8221;center&#8221; custom_margin=&#8221;-142px||60px||false|false&#8221; custom_margin_tablet=&#8221;0px||60px||false|false&#8221; custom_margin_phone=&#8221;0px||60px||false|false&#8221; custom_margin_last_edited=&#8221;on|tablet&#8221; custom_padding=&#8221;|56px||56px|false|true&#8221; body_font_size_tablet=&#8221;18px&#8221; body_font_size_phone=&#8221;15px&#8221; body_font_size_last_edited=&#8221;on|phone&#8221; border_radii_image=&#8221;on|100px|100px|100px|100px&#8221; border_width_all_image=&#8221;2px&#8221; border_color_all_image=&#8221;#f4f4f6&#8243; global_colors_info=&#8221;{}&#8221;]<\/p>\n<ul>\n<li style=\"text-align: left;\">Pr\u00e4vention aktiv gestalten auf internationaler B\u00fchne<\/li>\n<li style=\"text-align: left;\">Eigenes Profil auf der DMS Website<\/li>\n<li style=\"text-align: left;\">Zugriff auf F\u00f6rder-Lotse mit den aktuellsten F\u00f6rdermitteln<\/li>\n<li style=\"text-align: left;\">Google for jobs: Vermarktung Ihrer Stellenanzeigen<\/li>\n<li style=\"text-align: left;\">Team-Schulungen<\/li>\n<li style=\"text-align: left;\">Zugang zu G\u00fcte-Siegeln (ImplantSafe Center &amp; OralFitness Center)<\/li>\n<li style=\"text-align: left;\">Pressemitteilung zu Ihrer Berufung in den Senat<\/li>\n<li style=\"text-align: left;\">Senats-Werbemittel &amp; Siegel f\u00fcr Ihre Kommunikation<\/li>\n<\/ul>\n<p style=\"text-align: center;\">\n<p>[\/et_pb_blurb][et_pb_image src=&#8221;https:\/\/die-mundgesundheitsstiftung.de\/media\/2023\/09\/Screenshot-2023-09-13-083907.png&#8221; title_text=&#8221;Screenshot 2023-09-13 083907&#8243; align=&#8221;center&#8221; _builder_version=&#8221;4.22.1&#8243; _module_preset=&#8221;default&#8221; max_width=&#8221;77%&#8221; global_colors_info=&#8221;{}&#8221;][\/et_pb_image][\/et_pb_column][et_pb_column type=&#8221;2_3&#8243; _builder_version=&#8221;4.20.4&#8243; _module_preset=&#8221;default&#8221; background_color=&#8221;#FFFFFF&#8221; custom_padding=&#8221;60px|60px|60px|60px|false|false&#8221; custom_padding_tablet=&#8221;60px|60px|60px|60px|false|false&#8221; custom_padding_phone=&#8221;60px|30px|60px|30px|false|false&#8221; custom_padding_last_edited=&#8221;on|phone&#8221; global_colors_info=&#8221;{}&#8221;][et_pb_text _builder_version=&#8221;4.22.1&#8243; _module_preset=&#8221;default&#8221; hover_enabled=&#8221;0&#8243; sticky_enabled=&#8221;0&#8243; custom_margin=&#8221;||23px||false|false&#8221;]<\/p>\n<h1>Senator:in werden<\/h1>\n<p>[\/et_pb_text][dipi_gravity_forms_styler gf_form_id=&#8221;3&#8243; form_desc=&#8221;hide&#8221; progress_bar_bg_color=&#8221;#F5F5F5&#8243; progress_bar_active_bg_color=&#8221;#FE5E15&#8243; input_field_padding=&#8221;15px|15px|15px|15px|false|false&#8221; input_field_bg_color=&#8221;#f9faff&#8221; textarea_field_padding=&#8221;15px|15px|15px|15px|false|false&#8221; textarea_field_bg_color=&#8221;#f9faff&#8221; select_field_padding=&#8221;15px|8px|15px|8px|false|false&#8221; select_field_bg_color=&#8221;#f9faff&#8221; use_custom_select_arrow=&#8221;on&#8221; select_arrow_margin=&#8221;|10px|||false|false&#8221; select_arrow_padding=&#8221;0px|6px|0px|6px|false|false&#8221; checkbox_radio_container_bg_color=&#8221;RGBA(255,255,255,0)&#8221; checkbox_radio_one_option_margin=&#8221;||10px||false|false&#8221; checkbox_radio_button_size=&#8221;18px&#8221; checkbox_radio_button_color=&#8221;#a6a8b6&#8243; _builder_version=&#8221;4.22.1&#8243; _module_preset=&#8221;default&#8221; form_title_font_size=&#8221;16px&#8221; form_title_line_height=&#8221;1.4em&#8221; progressbar_label_font=&#8221;|700|||||||&#8221; input_field_placeholder_text_color=&#8221;#a6a8b6&#8243; select_field_text_color=&#8221;#a6a8b6&#8243; custom_all=&#8221;on&#8221; all_text_color=&#8221;#F5F5F5&#8243; all_bg_color=&#8221;#FE5E15&#8243; all_border_color=&#8221;#FE5E15&#8243; all_border_radius=&#8221;28px&#8221; all_font=&#8221;|||on|||||&#8221; custom_prev=&#8221;on&#8221; prev_text_size=&#8221;12px&#8221; prev_text_color=&#8221;#333333&#8243; prev_bg_color=&#8221;#F5F5F5&#8243; prev_border_width=&#8221;4px&#8221; prev_border_color=&#8221;#F5F5F5&#8243; prev_border_radius=&#8221;31px&#8221; border_radii_progress_bar=&#8221;on|4px|4px|4px|4px&#8221; border_width_all_progress_bar=&#8221;2px&#8221; border_color_all_progress_bar=&#8221;#f4f4f6&#8243; border_radii_progress_active_bar=&#8221;off|4px|4px|4px|4px&#8221; border_radii_input_field=&#8221;on|4px|4px|4px|4px&#8221; border_width_all_input_field=&#8221;2px&#8221; border_color_all_input_field=&#8221;#f4f4f6&#8243; border_radii_textarea_field=&#8221;on|4px|4px|4px|4px&#8221; border_width_all_textarea_field=&#8221;1px&#8221; border_color_all_textarea_field=&#8221;#f4f4f6&#8243; border_radii_select_field=&#8221;on|4px|4px|4px|4px&#8221; border_width_all_select_field=&#8221;2px&#8221; border_color_all_select_field=&#8221;#f4f4f6&#8243; global_colors_info=&#8221;{}&#8221;][\/dipi_gravity_forms_styler][\/et_pb_column][\/et_pb_row][\/et_pb_section]<\/p>\n","protected":false},"excerpt":{"rendered":"<p>Pr\u00e4vention aktiv gestalten auf internationaler B\u00fchne Eigenes Profil auf der DMS Website Zugriff auf F\u00f6rder-Lotse mit den aktuellsten F\u00f6rdermitteln Google for jobs: Vermarktung Ihrer Stellenanzeigen Team-Schulungen Zugang zu G\u00fcte-Siegeln (ImplantSafe Center &amp; OralFitness Center) Pressemitteilung zu Ihrer Berufung in den Senat Senats-Werbemittel &amp; Siegel f\u00fcr Ihre Kommunikation Senator:in werden<div class=\"et_pb_module dipi_gravity_forms_styler dipi_gravity_forms_styler_0\">\n\t\t\t\t\n\t\t\t\t\n\t\t\t\t\n\t\t\t\t\n\t\t\t\t\n\t\t\t\t\n\t\t\t\t<div class=\"et_pb_module_inner\">\n\t\t\t\t\t<div class=\"dipi_gf_styler_container\" data-config=\"{&quot;order_class&quot;:&quot;dipi_gravity_forms_styler_0&quot;,&quot;custom_all&quot;:&quot;off&quot;,&quot;all_use_icon&quot;:&quot;on&quot;,&quot;all_icon&quot;:&quot;&quot;,&quot;all_icon_tablet&quot;:&quot;&quot;,&quot;all_icon_phone&quot;:&quot;&quot;,&quot;all_icon_last_edited&quot;:&quot;&quot;,&quot;custom_next&quot;:&quot;off&quot;,&quot;next_use_icon&quot;:&quot;on&quot;,&quot;next_icon&quot;:&quot;&quot;,&quot;next_icon_tablet&quot;:&quot;&quot;,&quot;next_icon_phone&quot;:&quot;&quot;,&quot;next_icon_last_edited&quot;:&quot;&quot;,&quot;custom_prev&quot;:&quot;off&quot;,&quot;prev_use_icon&quot;:&quot;on&quot;,&quot;prev_icon&quot;:&quot;&quot;,&quot;prev_icon_tablet&quot;:&quot;&quot;,&quot;prev_icon_phone&quot;:&quot;&quot;,&quot;prev_icon_last_edited&quot;:&quot;&quot;,&quot;custom_submit&quot;:&quot;off&quot;,&quot;submit_use_icon&quot;:&quot;on&quot;,&quot;submit_icon&quot;:&quot;&quot;,&quot;submit_icon_tablet&quot;:&quot;&quot;,&quot;submit_icon_phone&quot;:&quot;&quot;,&quot;submit_icon_last_edited&quot;:&quot;&quot;,&quot;use_custom_select_arrow&quot;:&quot;off&quot;,&quot;select_arrow_use_icon&quot;:&quot;off&quot;,&quot;select_arrow_icon_last_edited&quot;:&quot;&quot;,&quot;select_arrow_icon&quot;:&quot;&amp;#xf078;||fa||900&quot;,&quot;select_arrow_icon_tablet&quot;:&quot;&quot;,&quot;select_arrow_icon_phone&quot;:&quot;&quot;}\">\n                <div class=\"alert\">\n                    No form selected.\n                    <br>\n                    Please select a form form the dropdown list of 'Choose Gravity Form'.\n                <\/div>\n            <\/div>\n\t\t\t\t<\/div>\n\t\t\t<\/div><\/p>","protected":false},"author":1,"featured_media":0,"parent":0,"menu_order":0,"comment_status":"closed","ping_status":"closed","template":"","meta":{"_et_pb_use_builder":"on","_et_pb_old_content":"","_et_gb_content_width":"","footnotes":""},"dipi_cpt_category":[],"class_list":["post-23418577","page","type-page","status-publish","hentry"],"yoast_head":"<!-- This site is optimized with the Yoast SEO plugin v27.4 - https:\/\/yoast.com\/product\/yoast-seo-wordpress\/ -->\n<title>Senator werden - DMS Deutsche Mundgesundheitsstiftung<\/title>\n<meta name=\"robots\" content=\"index, follow, max-snippet:-1, max-image-preview:large, max-video-preview:-1\" \/>\n<link rel=\"canonical\" href=\"https:\/\/die-mundgesundheitsstiftung.de\/en\/senator-werden-x34x\/\" \/>\n<meta property=\"og:locale\" content=\"en_US\" \/>\n<meta property=\"og:type\" content=\"article\" \/>\n<meta property=\"og:title\" content=\"Senator werden - DMS Deutsche Mundgesundheitsstiftung\" \/>\n<meta property=\"og:description\" content=\"Pr\u00e4vention aktiv gestalten auf internationaler B\u00fchne Eigenes Profil auf der DMS Website Zugriff auf F\u00f6rder-Lotse mit den aktuellsten F\u00f6rdermitteln Google for jobs: Vermarktung Ihrer Stellenanzeigen Team-Schulungen Zugang zu G\u00fcte-Siegeln (ImplantSafe Center &amp; OralFitness Center) Pressemitteilung zu Ihrer Berufung in den Senat Senats-Werbemittel &amp; Siegel f\u00fcr Ihre Kommunikation Senator:in werden\" \/>\n<meta property=\"og:url\" content=\"https:\/\/die-mundgesundheitsstiftung.de\/en\/senator-werden-x34x\/\" \/>\n<meta property=\"og:site_name\" content=\"DMS Deutsche Mundgesundheitsstiftung\" \/>\n<meta property=\"article:modified_time\" content=\"2023-09-28T13:39:48+00:00\" \/>\n<meta name=\"twitter:card\" content=\"summary_large_image\" \/>\n<meta name=\"twitter:label1\" content=\"Est. reading time\" \/>\n\t<meta name=\"twitter:data1\" content=\"1 minute\" \/>\n<script type=\"application\/ld+json\" class=\"yoast-schema-graph\">{\"@context\":\"https:\\\/\\\/schema.org\",\"@graph\":[{\"@type\":\"WebPage\",\"@id\":\"https:\\\/\\\/die-mundgesundheitsstiftung.de\\\/senator-werden-x34x\\\/\",\"url\":\"https:\\\/\\\/die-mundgesundheitsstiftung.de\\\/senator-werden-x34x\\\/\",\"name\":\"Senator werden - DMS Deutsche Mundgesundheitsstiftung\",\"isPartOf\":{\"@id\":\"https:\\\/\\\/die-mundgesundheitsstiftung.de\\\/#website\"},\"datePublished\":\"2023-09-26T08:47:50+00:00\",\"dateModified\":\"2023-09-28T13:39:48+00:00\",\"breadcrumb\":{\"@id\":\"https:\\\/\\\/die-mundgesundheitsstiftung.de\\\/senator-werden-x34x\\\/#breadcrumb\"},\"inLanguage\":\"en-US\",\"potentialAction\":[{\"@type\":\"ReadAction\",\"target\":[\"https:\\\/\\\/die-mundgesundheitsstiftung.de\\\/senator-werden-x34x\\\/\"]}]},{\"@type\":\"BreadcrumbList\",\"@id\":\"https:\\\/\\\/die-mundgesundheitsstiftung.de\\\/senator-werden-x34x\\\/#breadcrumb\",\"itemListElement\":[{\"@type\":\"ListItem\",\"position\":1,\"name\":\"Startseite\",\"item\":\"https:\\\/\\\/die-mundgesundheitsstiftung.de\\\/\"},{\"@type\":\"ListItem\",\"position\":2,\"name\":\"Senator werden\"}]},{\"@type\":\"WebSite\",\"@id\":\"https:\\\/\\\/die-mundgesundheitsstiftung.de\\\/#website\",\"url\":\"https:\\\/\\\/die-mundgesundheitsstiftung.de\\\/\",\"name\":\"DMS Deutsche Mundgesundheitsstiftung\",\"description\":\"DMS Deutsche Mundgesundheitsstiftung\",\"potentialAction\":[{\"@type\":\"SearchAction\",\"target\":{\"@type\":\"EntryPoint\",\"urlTemplate\":\"https:\\\/\\\/die-mundgesundheitsstiftung.de\\\/?s={search_term_string}\"},\"query-input\":{\"@type\":\"PropertyValueSpecification\",\"valueRequired\":true,\"valueName\":\"search_term_string\"}}],\"inLanguage\":\"en-US\"}]}<\/script>\n<!-- \/ Yoast SEO plugin. -->","yoast_head_json":{"title":"Senator werden - DMS Deutsche Mundgesundheitsstiftung","robots":{"index":"index","follow":"follow","max-snippet":"max-snippet:-1","max-image-preview":"max-image-preview:large","max-video-preview":"max-video-preview:-1"},"canonical":"https:\/\/die-mundgesundheitsstiftung.de\/en\/senator-werden-x34x\/","og_locale":"en_US","og_type":"article","og_title":"Senator werden - DMS Deutsche Mundgesundheitsstiftung","og_description":"Pr\u00e4vention aktiv gestalten auf internationaler B\u00fchne Eigenes Profil auf der DMS Website Zugriff auf F\u00f6rder-Lotse mit den aktuellsten F\u00f6rdermitteln Google for jobs: Vermarktung Ihrer Stellenanzeigen Team-Schulungen Zugang zu G\u00fcte-Siegeln (ImplantSafe Center &amp; OralFitness Center) Pressemitteilung zu Ihrer Berufung in den Senat Senats-Werbemittel &amp; Siegel f\u00fcr Ihre Kommunikation Senator:in werden","og_url":"https:\/\/die-mundgesundheitsstiftung.de\/en\/senator-werden-x34x\/","og_site_name":"DMS Deutsche Mundgesundheitsstiftung","article_modified_time":"2023-09-28T13:39:48+00:00","twitter_card":"summary_large_image","twitter_misc":{"Est. reading time":"1 minute"},"schema":{"@context":"https:\/\/schema.org","@graph":[{"@type":"WebPage","@id":"https:\/\/die-mundgesundheitsstiftung.de\/senator-werden-x34x\/","url":"https:\/\/die-mundgesundheitsstiftung.de\/senator-werden-x34x\/","name":"Senator werden - DMS Deutsche Mundgesundheitsstiftung","isPartOf":{"@id":"https:\/\/die-mundgesundheitsstiftung.de\/#website"},"datePublished":"2023-09-26T08:47:50+00:00","dateModified":"2023-09-28T13:39:48+00:00","breadcrumb":{"@id":"https:\/\/die-mundgesundheitsstiftung.de\/senator-werden-x34x\/#breadcrumb"},"inLanguage":"en-US","potentialAction":[{"@type":"ReadAction","target":["https:\/\/die-mundgesundheitsstiftung.de\/senator-werden-x34x\/"]}]},{"@type":"BreadcrumbList","@id":"https:\/\/die-mundgesundheitsstiftung.de\/senator-werden-x34x\/#breadcrumb","itemListElement":[{"@type":"ListItem","position":1,"name":"Startseite","item":"https:\/\/die-mundgesundheitsstiftung.de\/"},{"@type":"ListItem","position":2,"name":"Senator werden"}]},{"@type":"WebSite","@id":"https:\/\/die-mundgesundheitsstiftung.de\/#website","url":"https:\/\/die-mundgesundheitsstiftung.de\/","name":"DMS Deutsche Mundgesundheitsstiftung","description":"DMS Deutsche Mundgesundheitsstiftung","potentialAction":[{"@type":"SearchAction","target":{"@type":"EntryPoint","urlTemplate":"https:\/\/die-mundgesundheitsstiftung.de\/?s={search_term_string}"},"query-input":{"@type":"PropertyValueSpecification","valueRequired":true,"valueName":"search_term_string"}}],"inLanguage":"en-US"}]}},"_links":{"self":[{"href":"https:\/\/die-mundgesundheitsstiftung.de\/en\/wp-json\/wp\/v2\/pages\/23418577","targetHints":{"allow":["GET"]}}],"collection":[{"href":"https:\/\/die-mundgesundheitsstiftung.de\/en\/wp-json\/wp\/v2\/pages"}],"about":[{"href":"https:\/\/die-mundgesundheitsstiftung.de\/en\/wp-json\/wp\/v2\/types\/page"}],"author":[{"embeddable":true,"href":"https:\/\/die-mundgesundheitsstiftung.de\/en\/wp-json\/wp\/v2\/users\/1"}],"replies":[{"embeddable":true,"href":"https:\/\/die-mundgesundheitsstiftung.de\/en\/wp-json\/wp\/v2\/comments?post=23418577"}],"version-history":[{"count":0,"href":"https:\/\/die-mundgesundheitsstiftung.de\/en\/wp-json\/wp\/v2\/pages\/23418577\/revisions"}],"wp:attachment":[{"href":"https:\/\/die-mundgesundheitsstiftung.de\/en\/wp-json\/wp\/v2\/media?parent=23418577"}],"wp:term":[{"taxonomy":"dipi_cpt_category","embeddable":true,"href":"https:\/\/die-mundgesundheitsstiftung.de\/en\/wp-json\/wp\/v2\/dipi_cpt_category?post=23418577"}],"curies":[{"name":"wp","href":"https:\/\/api.w.org\/{rel}","templated":true}]}}