{"id":27585247,"date":"2025-11-07T12:59:12","date_gmt":"2025-11-07T10:59:12","guid":{"rendered":"https:\/\/die-mundgesundheitsstiftung.de\/?page_id=27585247"},"modified":"2025-12-12T13:25:52","modified_gmt":"2025-12-12T11:25:52","slug":"events","status":"publish","type":"page","link":"https:\/\/die-mundgesundheitsstiftung.de\/en\/events\/","title":{"rendered":"Events"},"content":{"rendered":"<p>[et_pb_section fb_built=&#8221;1&#8243; custom_padding_last_edited=&#8221;on|tablet&#8221; module_id=&#8221;kernthemen&#8221; _builder_version=&#8221;4.24.0&#8243; _module_preset=&#8221;default&#8221; background_color=&#8221;#FFE8DE&#8221; background_image=&#8221;https:\/\/die-mundgesundheitsstiftung.de\/media\/2025\/11\/bubble-cream-10-small.qstM2OxS.png&#8221; background_size=&#8221;initial&#8221; background_position=&#8221;top_right&#8221; custom_padding=&#8221;56px||56px||false|false&#8221; custom_padding_tablet=&#8221;150px||56px||false|false&#8221; custom_padding_phone=&#8221;150px||56px||false|false&#8221; locked=&#8221;off&#8221; global_colors_info=&#8221;{}&#8221;][et_pb_row column_structure=&#8221;2_5,3_5&#8243; custom_padding_last_edited=&#8221;on|tablet&#8221; _builder_version=&#8221;4.24.0&#8243; _module_preset=&#8221;default&#8221; background_color=&#8221;#FFE8DE&#8221; width=&#8221;90%&#8221; max_width=&#8221;1920px&#8221; custom_padding=&#8221;50px|50px|50px|50px|true|true&#8221; custom_padding_tablet=&#8221;50px|10px|50px|10px|true|true&#8221; custom_padding_phone=&#8221;|0px||0px|true|true&#8221; border_radii=&#8221;on|15px|15px|15px|15px&#8221; locked=&#8221;off&#8221; global_colors_info=&#8221;{}&#8221;][et_pb_column type=&#8221;2_5&#8243; _builder_version=&#8221;4.24.0&#8243; _module_preset=&#8221;default&#8221; global_colors_info=&#8221;{}&#8221;][et_pb_text _builder_version=&#8221;4.24.0&#8243; _module_preset=&#8221;default&#8221; header_2_font=&#8221;Lexend Deca||||||||&#8221; header_2_text_color=&#8221;#0B0400&#8243; header_2_font_size=&#8221;55px&#8221; custom_margin_tablet=&#8221;&#8221; custom_margin_phone=&#8221;||10px||false|false&#8221; custom_margin_last_edited=&#8221;on|phone&#8221; header_2_font_size_tablet=&#8221;3.2em&#8221; header_2_font_size_phone=&#8221;35px&#8221; header_2_font_size_last_edited=&#8221;on|phone&#8221; locked=&#8221;off&#8221; global_colors_info=&#8221;{}&#8221;]<\/p>\n<h2>Unsere Kernthemen<\/h2>\n<p>[\/et_pb_text][et_pb_button button_url=&#8221;#fortbildungen&#8221; button_text=&#8221;Zu den Fortbildungen&#8221; _builder_version=&#8221;4.27.4&#8243; _module_preset=&#8221;default&#8221; custom_button=&#8221;on&#8221; button_text_size=&#8221;16px&#8221; button_text_color=&#8221;#0B0400&#8243; button_bg_color=&#8221;RGBA(255,255,255,0)&#8221; button_border_width=&#8221;1.5px&#8221; button_border_color=&#8221;#0B0400&#8243; button_border_radius=&#8221;8px&#8221; button_letter_spacing=&#8221;1px&#8221; button_font=&#8221;Lexend Deca|||on|||||&#8221; button_use_icon=&#8221;off&#8221; custom_padding=&#8221;15px|20px|15px|20px|true|true&#8221; locked=&#8221;off&#8221; global_colors_info=&#8221;{}&#8221; button_bg_color__hover_enabled=&#8221;on|hover&#8221; button_bg_color__hover=&#8221;#FFFFFF&#8221; button_bg_enable_color__hover=&#8221;on&#8221; button_text_color__hover_enabled=&#8221;on|hover&#8221; button_text_color__hover=&#8221;#042729&#8243;][\/et_pb_button][\/et_pb_column][et_pb_column type=&#8221;3_5&#8243; _builder_version=&#8221;4.27.4&#8243; _module_preset=&#8221;default&#8221; global_colors_info=&#8221;{}&#8221;][dipi_price_list item_text_padding=&#8221;10px|0px|10px|0px|true|true&#8221; separator_style=&#8221;none&#8221; list_item_flex_direction_tablet=&#8221;&#8221; list_item_flex_direction_phone=&#8221;column&#8221; list_item_flex_direction_last_edited=&#8221;on|phone&#8221; _builder_version=&#8221;4.24.0&#8243; _module_preset=&#8221;default&#8221; title_font=&#8221;Lexend||||||||&#8221; title_text_color=&#8221;#0B0400&#8243; title_font_size=&#8221;32px&#8221; price_font=&#8221;Lexend||||||||&#8221; price_text_color=&#8221;#300F00&#8243; price_font_size=&#8221;16px&#8221; price_line_height=&#8221;1.6em&#8221; description_font_size=&#8221;14px&#8221; max_width=&#8221;90%&#8221; max_width_tablet=&#8221;100%&#8221; max_width_phone=&#8221;100%&#8221; max_width_last_edited=&#8221;on|tablet&#8221; module_alignment=&#8221;right&#8221; title_font_size_tablet=&#8221;28px&#8221; title_font_size_phone=&#8221;25px&#8221; title_font_size_last_edited=&#8221;on|tablet&#8221; price_font_size_tablet=&#8221;18px&#8221; price_font_size_phone=&#8221;16px&#8221; price_font_size_last_edited=&#8221;on|tablet&#8221; custom_css_free_form=&#8221;@media(max-width:500px){||.dipi_price_list_header{||  display:flex;||  flex-direction: column;||}||}||||selector .dipi_price_list_item .dipi_price_list_header {||    display: flex;||    align-items: flex-start;||    justify-content: flex-start;||}||||selector .dipi_price_list_separator {||    display: none;||}&#8221; custom_css_title=&#8221;min-width:250px;&#8221; custom_css_price=&#8221;font-weight:300;&#8221; global_colors_info=&#8221;{}&#8221; custom_css_title_last_edited=&#8221;on|phone&#8221; custom_css_title_phone=&#8221;min-width:150px;&#8221; custom_css_title_tablet=&#8221;min-width:250px;&#8221;][dipi_price_list_item title=&#8221;Longevity&#8221; price=&#8221;Verl\u00e4ngerung der gesunden Lebensspanne eines Menschen.&#8221; _builder_version=&#8221;4.24.0&#8243; _module_preset=&#8221;default&#8221; price_font_size=&#8221;16px&#8221; description_font_size=&#8221;16px&#8221; custom_margin=&#8221;||||false|false&#8221; custom_padding=&#8221;||30px||false|false&#8221; border_width_bottom=&#8221;1.5px&#8221; border_color_bottom=&#8221;rgba(11,4,0,0.1)&#8221; global_colors_info=&#8221;{}&#8221;][\/dipi_price_list_item][dipi_price_list_item title=&#8221;Wellness&#8221; price=&#8221;Aktive Ma\u00dfnahmen, die auf k\u00f6rperliche Gesundheit, Regeneration und Entspannung abzielen.&#8221; _builder_version=&#8221;4.24.0&#8243; _module_preset=&#8221;default&#8221; custom_margin=&#8221;||||false|false&#8221; custom_padding=&#8221;||30px||false|false&#8221; border_width_bottom=&#8221;1.5px&#8221; border_color_bottom=&#8221;rgba(11,4,0,0.1)&#8221; global_colors_info=&#8221;{}&#8221;][\/dipi_price_list_item][dipi_price_list_item title=&#8221;Wellbeing&#8221; price=&#8221;Ganzheitliches und langfristiges Gef\u00fchl von Zufriedenheit, Ausgeglichenheit und Lebensqualit\u00e4t.&#8221; _builder_version=&#8221;4.24.0&#8243; _module_preset=&#8221;default&#8221; custom_margin=&#8221;||||false|false&#8221; custom_padding=&#8221;||30px||false|false&#8221; border_width_bottom=&#8221;1.5px&#8221; border_color_bottom=&#8221;rgba(11,4,0,0.1)&#8221; global_colors_info=&#8221;{}&#8221;][\/dipi_price_list_item][\/dipi_price_list][\/et_pb_column][\/et_pb_row][\/et_pb_section][et_pb_section fb_built=&#8221;1&#8243; module_id=&#8221;fortbildungen&#8221; _builder_version=&#8221;4.24.0&#8243; _module_preset=&#8221;default&#8221; background_color=&#8221;#FFFFFF&#8221; custom_padding=&#8221;50px||110px||false|false&#8221; custom_css_main_element=&#8221;  background-image: ||    url(%22https:\/\/ki-ausbildungszentrum.de\/wp-content\/uploads\/2025\/10\/bubble-cream-12.Dg0ImRJG.png%22),||    url(%22https:\/\/ki-ausbildungszentrum.de\/wp-content\/uploads\/2025\/10\/bubble-cream-13.BoI0faSN.png%22);||background-position: right top, left bottom;||background-repeat: no-repeat, no-repeat;||background-size: 800px auto, 500px auto;||&#8221; locked=&#8221;off&#8221; global_colors_info=&#8221;{}&#8221;][et_pb_row column_structure=&#8221;3_5,2_5&#8243; use_custom_gutter=&#8221;on&#8221; gutter_width=&#8221;2&#8243; make_equal=&#8221;on&#8221; _builder_version=&#8221;4.24.0&#8243; _module_preset=&#8221;default&#8221; width=&#8221;90%&#8221; max_width=&#8221;1920px&#8221; custom_css_main_element=&#8221;align-items:flex-end;&#8221; global_colors_info=&#8221;{}&#8221;][et_pb_column type=&#8221;3_5&#8243; _builder_version=&#8221;4.27.4&#8243; _module_preset=&#8221;default&#8221; global_colors_info=&#8221;{}&#8221;][et_pb_text _builder_version=&#8221;4.24.0&#8243; _module_preset=&#8221;default&#8221; header_2_font=&#8221;Lexend Deca||||||||&#8221; header_2_text_color=&#8221;#0B0400&#8243; header_2_font_size=&#8221;55px&#8221; header_2_letter_spacing=&#8221;-2px&#8221; custom_margin=&#8221;||10px||false|false&#8221; header_2_font_size_tablet=&#8221;3.2rem&#8221; header_2_font_size_phone=&#8221;35px&#8221; header_2_font_size_last_edited=&#8221;on|desktop&#8221; locked=&#8221;off&#8221; global_colors_info=&#8221;{}&#8221;]<\/p>\n<h2>Fortbildung<\/h2>\n<p>[\/et_pb_text][et_pb_text _builder_version=&#8221;4.24.0&#8243; _module_preset=&#8221;default&#8221; text_font=&#8221;Lexend||||||||&#8221; text_text_color=&#8221;#300F00&#8243; text_font_size=&#8221;18px&#8221; text_line_height=&#8221;2em&#8221; max_width=&#8221;820px&#8221; text_font_size_tablet=&#8221;1.2rem&#8221; text_font_size_phone=&#8221;16px&#8221; text_font_size_last_edited=&#8221;on|phone&#8221; locked=&#8221;off&#8221; global_colors_info=&#8221;{}&#8221;]<\/p>\n<p>Mit der Deutschen Mundgesundheitsstiftung unterst\u00fctzen wir gemeinn\u00fctzige interdisziplin\u00e4re und pr\u00e4ventionsorientierte Fachfortbildungen, u.a. durch die Fachkompetenz unserer Senatoren.<\/p>\n<p>Gerne unterst\u00fctzen wir auch Ihre Veranstaltung, sofern diese dem Zweck dient, Pr\u00e4vention und Interdisziplinarit\u00e4t zu f\u00f6rdern.<\/p>\n<p>[\/et_pb_text][\/et_pb_column][et_pb_column type=&#8221;2_5&#8243; _builder_version=&#8221;4.27.4&#8243; _module_preset=&#8221;default&#8221; global_colors_info=&#8221;{}&#8221;][et_pb_button button_url=&#8221;https:\/\/die-mundgesundheitsstiftung.de\/kontakt-dms\/&#8221; button_text=&#8221;Jetzt Fortbildungspartner werden&#8221; button_alignment=&#8221;right&#8221; button_alignment_tablet=&#8221;left&#8221; button_alignment_phone=&#8221;left&#8221; button_alignment_last_edited=&#8221;on|tablet&#8221; _builder_version=&#8221;4.27.4&#8243; _module_preset=&#8221;default&#8221; custom_button=&#8221;on&#8221; button_text_size=&#8221;16px&#8221; button_text_color=&#8221;#000000&#8243; button_bg_color=&#8221;RGBA(255,255,255,0)&#8221; button_border_width=&#8221;1.5px&#8221; button_border_color=&#8221;#042729&#8243; button_border_radius=&#8221;10px&#8221; button_letter_spacing=&#8221;1px&#8221; button_font=&#8221;Lexend Deca|||on|||||&#8221; button_use_icon=&#8221;off&#8221; custom_margin=&#8221;||20px||false|false&#8221; custom_padding=&#8221;20px|25px|20px|25px|true|true&#8221; locked=&#8221;off&#8221; global_colors_info=&#8221;{}&#8221; button_text_color__hover_enabled=&#8221;on|hover&#8221; button_text_color__hover=&#8221;#ffffff&#8221; button_bg_color__hover_enabled=&#8221;on|hover&#8221; button_bg_color__hover=&#8221;#000000&#8243; button_bg_enable_color__hover=&#8221;on&#8221;][\/et_pb_button][\/et_pb_column][\/et_pb_row][et_pb_row use_custom_gutter=&#8221;on&#8221; gutter_width=&#8221;2&#8243; _builder_version=&#8221;4.24.0&#8243; _module_preset=&#8221;default&#8221; width=&#8221;100%&#8221; max_width=&#8221;1920px&#8221; custom_padding=&#8221;0px||||false|false&#8221; global_colors_info=&#8221;{}&#8221;][et_pb_column type=&#8221;4_4&#8243; _builder_version=&#8221;4.24.0&#8243; _module_preset=&#8221;default&#8221; global_colors_info=&#8221;{}&#8221;][dipi_carousel columns=&#8221;1.3&#8243; container_padding=&#8221;0px|0px|0px|0px|true|true&#8221; loop_wide=&#8221;on&#8221; show_lightbox=&#8221;off&#8221; navigation=&#8221;on&#8221; pagination=&#8221;on&#8221; dynamic_bullets=&#8221;off&#8221; centered=&#8221;on&#8221; navigation_prev_icon_yn=&#8221;on&#8221; navigation_prev_icon=&#8221;&#x23;||divi||400&#8243; navigation_next_icon_yn=&#8221;on&#8221; navigation_next_icon=&#8221;&#x24;||divi||400&#8243; navigation_size=&#8221;50&#8243; navigation_padding=&#8221;0&#8243; navigation_color=&#8221;#0B0400&#8243; pagination_position=&#8221;-65&#8243; pagination_color=&#8221;#0B0400&#8243; pagination_active_color=&#8221;#0B0400&#8243; columns_tablet=&#8221;1.2&#8243; columns_phone=&#8221;1.05&#8243; columns_last_edited=&#8221;on|phone&#8221; space_between_tablet=&#8221;20&#8243; space_between_phone=&#8221;20&#8243; space_between_last_edited=&#8221;on|tablet&#8221; _builder_version=&#8221;4.27.4&#8243; _module_preset=&#8221;default&#8221; hover_enabled=&#8221;0&#8243; custom_css_free_form=&#8221;.swiper-pagination .swiper-pagination-bullet{||  width:15px !important;||  height:15px !important;||}&#8221; custom_css_navigation=&#8221;top:105%;&#8221; custom_css_prev_main_navigation=&#8221;left: 30px !important;&#8221; custom_css_next_thumbs_navigation=&#8221;right: calc(100% &#8211; 155px) !important;&#8221; custom_css_pagination=&#8221;left: calc(100% &#8211; 60px)  !important;&#8221; custom_css_active_slide=&#8221;filter:opacity(1);&#8221; custom_css_not_active_slide=&#8221;filter:opacity(0.2);||transition: filter 0.5s ease;&#8221; global_colors_info=&#8221;{}&#8221; sticky_enabled=&#8221;0&#8243;][dipi_carousel_child type=&#8221;divi_library&#8221; divi_library_id=&#8221;27585902&#8243; _builder_version=&#8221;4.27.4&#8243; _module_preset=&#8221;default&#8221; hover_enabled=&#8221;0&#8243; global_colors_info=&#8221;{}&#8221; sticky_enabled=&#8221;0&#8243;][\/dipi_carousel_child][\/dipi_carousel][\/et_pb_column][\/et_pb_row][\/et_pb_section]<\/p>\n","protected":false},"excerpt":{"rendered":"<p>Our core topics<div class=\"et_pb_module dipi_price_list dipi_price_list_0\">\n\t\t\t\t\n\t\t\t\t\n\t\t\t\t\n\t\t\t\t\n\t\t\t\t\n\t\t\t\t\n\t\t\t\t<div class=\"et_pb_module_inner\">\n\t\t\t\t\t\n\t\t\t<div class=\"dipi_price_list-main show_lightbox show_lightbox_tablet show_lightbox_phone\">\n\t\t\t\t\n\t\t\t<\/div>\n\t\t\t\t<\/div>\n\t\t\t<\/div><div class=\"et_pb_module dipi_price_list_item dipi_price_list_item_0\">\n\t\t\t\t\n\t\t\t\t\n\t\t\t\t\n\t\t\t\t\n\t\t\t\t\n\t\t\t\t\n\t\t\t\t<div class=\"et_pb_module_inner\">\n\t\t\t\t\t<div class=\"dipi_price_list_item_wrapper\">\n                \n        \t\t<div class=\"dipi_price_list_text_wrapper\">\n        \t\t\t<div class=\"dipi_price_list_header\">\n        \t\t\t\t<h2 class=\"dipi_price_list_title\">&#8221;Longevity&#8221;<\/h2>\n                        <div class=\"dipi_price_list_separator\"><\/div>\n        \t\t\t\t<div class=\"dipi_price_list_price\"><span class=\"dipi_price_list_prefix_price\"><\/span>&#8221;Verl\u00e4ngerung<span class=\"dipi_price_list_suffix_price\"><\/span><\/div>\n        \t\t\t<\/div>\n        \t\t\t<div class=\"dipi_price_list_content\">\n                        \n        \t\t\t<\/div>\n        \t\t<\/div>\n        \t<\/div>\n\t\t\t\t<\/div>\n\t\t\t<\/div><\/p>","protected":false},"author":1,"featured_media":0,"parent":0,"menu_order":0,"comment_status":"closed","ping_status":"closed","template":"","meta":{"_et_pb_use_builder":"on","_et_pb_old_content":"","_et_gb_content_width":"","footnotes":""},"dipi_cpt_category":[],"class_list":["post-27585247","page","type-page","status-publish","hentry"],"yoast_head":"<!-- This site is optimized with the Yoast SEO plugin v27.4 - https:\/\/yoast.com\/product\/yoast-seo-wordpress\/ -->\n<title>Events - DMS Deutsche Mundgesundheitsstiftung<\/title>\n<meta name=\"robots\" content=\"index, follow, max-snippet:-1, max-image-preview:large, max-video-preview:-1\" \/>\n<link rel=\"canonical\" href=\"https:\/\/die-mundgesundheitsstiftung.de\/en\/events\/\" \/>\n<meta property=\"og:locale\" content=\"en_US\" \/>\n<meta property=\"og:type\" content=\"article\" \/>\n<meta property=\"og:title\" content=\"Events - DMS Deutsche Mundgesundheitsstiftung\" \/>\n<meta property=\"og:description\" content=\"Unsere Kernthemen\" \/>\n<meta property=\"og:url\" content=\"https:\/\/die-mundgesundheitsstiftung.de\/en\/events\/\" \/>\n<meta property=\"og:site_name\" content=\"DMS Deutsche Mundgesundheitsstiftung\" \/>\n<meta property=\"article:modified_time\" content=\"2025-12-12T11:25:52+00:00\" \/>\n<meta name=\"twitter:card\" content=\"summary_large_image\" \/>\n<script type=\"application\/ld+json\" class=\"yoast-schema-graph\">{\"@context\":\"https:\\\/\\\/schema.org\",\"@graph\":[{\"@type\":\"WebPage\",\"@id\":\"https:\\\/\\\/die-mundgesundheitsstiftung.de\\\/events\\\/\",\"url\":\"https:\\\/\\\/die-mundgesundheitsstiftung.de\\\/events\\\/\",\"name\":\"Events - DMS Deutsche Mundgesundheitsstiftung\",\"isPartOf\":{\"@id\":\"https:\\\/\\\/die-mundgesundheitsstiftung.de\\\/#website\"},\"datePublished\":\"2025-11-07T10:59:12+00:00\",\"dateModified\":\"2025-12-12T11:25:52+00:00\",\"breadcrumb\":{\"@id\":\"https:\\\/\\\/die-mundgesundheitsstiftung.de\\\/events\\\/#breadcrumb\"},\"inLanguage\":\"en-US\",\"potentialAction\":[{\"@type\":\"ReadAction\",\"target\":[\"https:\\\/\\\/die-mundgesundheitsstiftung.de\\\/events\\\/\"]}]},{\"@type\":\"BreadcrumbList\",\"@id\":\"https:\\\/\\\/die-mundgesundheitsstiftung.de\\\/events\\\/#breadcrumb\",\"itemListElement\":[{\"@type\":\"ListItem\",\"position\":1,\"name\":\"Startseite\",\"item\":\"https:\\\/\\\/die-mundgesundheitsstiftung.de\\\/\"},{\"@type\":\"ListItem\",\"position\":2,\"name\":\"Events\"}]},{\"@type\":\"WebSite\",\"@id\":\"https:\\\/\\\/die-mundgesundheitsstiftung.de\\\/#website\",\"url\":\"https:\\\/\\\/die-mundgesundheitsstiftung.de\\\/\",\"name\":\"DMS Deutsche Mundgesundheitsstiftung\",\"description\":\"DMS Deutsche Mundgesundheitsstiftung\",\"potentialAction\":[{\"@type\":\"SearchAction\",\"target\":{\"@type\":\"EntryPoint\",\"urlTemplate\":\"https:\\\/\\\/die-mundgesundheitsstiftung.de\\\/?s={search_term_string}\"},\"query-input\":{\"@type\":\"PropertyValueSpecification\",\"valueRequired\":true,\"valueName\":\"search_term_string\"}}],\"inLanguage\":\"en-US\"}]}<\/script>\n<!-- \/ Yoast SEO plugin. -->","yoast_head_json":{"title":"Events - DMS Deutsche Mundgesundheitsstiftung","robots":{"index":"index","follow":"follow","max-snippet":"max-snippet:-1","max-image-preview":"max-image-preview:large","max-video-preview":"max-video-preview:-1"},"canonical":"https:\/\/die-mundgesundheitsstiftung.de\/en\/events\/","og_locale":"en_US","og_type":"article","og_title":"Events - DMS Deutsche Mundgesundheitsstiftung","og_description":"Unsere Kernthemen","og_url":"https:\/\/die-mundgesundheitsstiftung.de\/en\/events\/","og_site_name":"DMS Deutsche Mundgesundheitsstiftung","article_modified_time":"2025-12-12T11:25:52+00:00","twitter_card":"summary_large_image","schema":{"@context":"https:\/\/schema.org","@graph":[{"@type":"WebPage","@id":"https:\/\/die-mundgesundheitsstiftung.de\/events\/","url":"https:\/\/die-mundgesundheitsstiftung.de\/events\/","name":"Events - DMS Deutsche Mundgesundheitsstiftung","isPartOf":{"@id":"https:\/\/die-mundgesundheitsstiftung.de\/#website"},"datePublished":"2025-11-07T10:59:12+00:00","dateModified":"2025-12-12T11:25:52+00:00","breadcrumb":{"@id":"https:\/\/die-mundgesundheitsstiftung.de\/events\/#breadcrumb"},"inLanguage":"en-US","potentialAction":[{"@type":"ReadAction","target":["https:\/\/die-mundgesundheitsstiftung.de\/events\/"]}]},{"@type":"BreadcrumbList","@id":"https:\/\/die-mundgesundheitsstiftung.de\/events\/#breadcrumb","itemListElement":[{"@type":"ListItem","position":1,"name":"Startseite","item":"https:\/\/die-mundgesundheitsstiftung.de\/"},{"@type":"ListItem","position":2,"name":"Events"}]},{"@type":"WebSite","@id":"https:\/\/die-mundgesundheitsstiftung.de\/#website","url":"https:\/\/die-mundgesundheitsstiftung.de\/","name":"DMS Deutsche Mundgesundheitsstiftung","description":"DMS Deutsche Mundgesundheitsstiftung","potentialAction":[{"@type":"SearchAction","target":{"@type":"EntryPoint","urlTemplate":"https:\/\/die-mundgesundheitsstiftung.de\/?s={search_term_string}"},"query-input":{"@type":"PropertyValueSpecification","valueRequired":true,"valueName":"search_term_string"}}],"inLanguage":"en-US"}]}},"_links":{"self":[{"href":"https:\/\/die-mundgesundheitsstiftung.de\/en\/wp-json\/wp\/v2\/pages\/27585247","targetHints":{"allow":["GET"]}}],"collection":[{"href":"https:\/\/die-mundgesundheitsstiftung.de\/en\/wp-json\/wp\/v2\/pages"}],"about":[{"href":"https:\/\/die-mundgesundheitsstiftung.de\/en\/wp-json\/wp\/v2\/types\/page"}],"author":[{"embeddable":true,"href":"https:\/\/die-mundgesundheitsstiftung.de\/en\/wp-json\/wp\/v2\/users\/1"}],"replies":[{"embeddable":true,"href":"https:\/\/die-mundgesundheitsstiftung.de\/en\/wp-json\/wp\/v2\/comments?post=27585247"}],"version-history":[{"count":8,"href":"https:\/\/die-mundgesundheitsstiftung.de\/en\/wp-json\/wp\/v2\/pages\/27585247\/revisions"}],"predecessor-version":[{"id":27587342,"href":"https:\/\/die-mundgesundheitsstiftung.de\/en\/wp-json\/wp\/v2\/pages\/27585247\/revisions\/27587342"}],"wp:attachment":[{"href":"https:\/\/die-mundgesundheitsstiftung.de\/en\/wp-json\/wp\/v2\/media?parent=27585247"}],"wp:term":[{"taxonomy":"dipi_cpt_category","embeddable":true,"href":"https:\/\/die-mundgesundheitsstiftung.de\/en\/wp-json\/wp\/v2\/dipi_cpt_category?post=27585247"}],"curies":[{"name":"wp","href":"https:\/\/api.w.org\/{rel}","templated":true}]}}