{"id":27586863,"date":"2025-11-07T13:49:29","date_gmt":"2025-11-07T11:49:29","guid":{"rendered":"https:\/\/die-mundgesundheitsstiftung.de\/?page_id=27586863"},"modified":"2025-11-10T16:44:04","modified_gmt":"2025-11-10T14:44:04","slug":"stipendium","status":"publish","type":"page","link":"https:\/\/die-mundgesundheitsstiftung.de\/en\/stipendium\/","title":{"rendered":"Scholarship"},"content":{"rendered":"<p>[et_pb_section fb_built=&#8221;1&#8243; _builder_version=&#8221;4.27.4&#8243; _module_preset=&#8221;default&#8221; background_enable_color=&#8221;off&#8221; background_enable_image=&#8221;off&#8221; background_size=&#8221;initial&#8221; background_position=&#8221;bottom_left&#8221; background_video_mp4=&#8221;https:\/\/ki-ausbildungszentrum.de\/wp-content\/uploads\/2025\/10\/MasterClass24_Event_Video_v02.mp4&#8243; custom_padding=&#8221;100px||100px||true|false&#8221; custom_css_main_element=&#8221;  background-image: ||    url(%22https:\/\/ki-ausbildungszentrum.de\/wp-content\/uploads\/2025\/10\/bubble-teal-7-small.CB9IRssv.png%22),||    url(%22https:\/\/ki-ausbildungszentrum.de\/wp-content\/uploads\/2025\/10\/bubble-teal-8-small.CqyivRlk.png%22);||  background-position: right top, left bottom;||  background-repeat: no-repeat, no-repeat;||  background-size: auto, auto;&#8221; global_colors_info=&#8221;{}&#8221;][et_pb_row column_structure=&#8221;2_3,1_3&#8243; use_custom_gutter=&#8221;on&#8221; gutter_width=&#8221;2&#8243; make_equal=&#8221;on&#8221; _builder_version=&#8221;4.24.0&#8243; _module_preset=&#8221;default&#8221; background_enable_color=&#8221;off&#8221; width=&#8221;90%&#8221; max_width=&#8221;1920px&#8221; custom_padding=&#8221;27px|50px|27px|50px|true|true&#8221; custom_css_main_element=&#8221;align-items:center;&#8221; border_radii=&#8221;on|15px|15px|15px|15px&#8221; global_colors_info=&#8221;{}&#8221;][et_pb_column type=&#8221;2_3&#8243; _builder_version=&#8221;4.27.4&#8243; _module_preset=&#8221;default&#8221; global_colors_info=&#8221;{}&#8221;][et_pb_text _builder_version=&#8221;4.24.0&#8243; _module_preset=&#8221;default&#8221; text_font=&#8221;Lexend Deca|600||on|||||&#8221; text_text_color=&#8221;#FE5E13&#8243; text_letter_spacing=&#8221;1px&#8221; header_6_font=&#8221;Lexend Deca|600|||||||&#8221; header_6_text_color=&#8221;#FE5E13&#8243; header_6_letter_spacing=&#8221;1px&#8221; custom_margin=&#8221;||10px||false|false&#8221; global_colors_info=&#8221;{}&#8221;]<\/p>\n<h6>Deutsche mundgesundheitsstiftung<\/h6>\n<p>[\/et_pb_text][et_pb_text _builder_version=&#8221;4.24.0&#8243; _module_preset=&#8221;default&#8221; header_font=&#8221;Lexend Deca||||||||&#8221; header_text_color=&#8221;#FFFFFF&#8221; header_font_size=&#8221;3rem&#8221; header_letter_spacing=&#8221;-2px&#8221; header_line_height=&#8221;1.2em&#8221; max_width=&#8221;720px&#8221; custom_margin=&#8221;||20px||false|false&#8221; global_colors_info=&#8221;{}&#8221;]<\/p>\n<h1>Stipendium<\/h1>\n<p>[\/et_pb_text][et_pb_text _builder_version=&#8221;4.27.4&#8243; _module_preset=&#8221;default&#8221; text_font=&#8221;Lexend||||||||&#8221; text_text_color=&#8221;#FFFFFF&#8221; text_font_size=&#8221;1.3rem&#8221; text_line_height=&#8221;1.8em&#8221; global_colors_info=&#8221;{}&#8221;]<\/p>\n<p>Bewerben Sie sich f\u00fcr ein Stipendium<\/p>\n<p>[\/et_pb_text][et_pb_button button_url=&#8221;#form&#8221; button_text=&#8221;Zum Formular&#8221; disabled_on=&#8221;off|off|off&#8221; _builder_version=&#8221;4.27.4&#8243; _module_preset=&#8221;default&#8221; custom_button=&#8221;on&#8221; button_text_size=&#8221;0.9rem&#8221; button_text_color=&#8221;#FFFFFF&#8221; button_bg_color=&#8221;#FE5E13&#8243; button_border_width=&#8221;0px&#8221; button_border_radius=&#8221;8px&#8221; button_letter_spacing=&#8221;1px&#8221; button_font=&#8221;Lexend Deca|||on|||||&#8221; button_use_icon=&#8221;off&#8221; custom_padding=&#8221;20px|25px|20px|25px|true|true&#8221; global_colors_info=&#8221;{}&#8221;][\/et_pb_button][\/et_pb_column][et_pb_column type=&#8221;1_3&#8243; _builder_version=&#8221;4.27.4&#8243; _module_preset=&#8221;default&#8221; global_colors_info=&#8221;{}&#8221;][\/et_pb_column][\/et_pb_row][\/et_pb_section][et_pb_section fb_built=&#8221;1&#8243; custom_padding_last_edited=&#8221;on|desktop&#8221; _builder_version=&#8221;4.24.0&#8243; _module_preset=&#8221;default&#8221; background_enable_color=&#8221;off&#8221; custom_padding=&#8221;70px||70px||true|false&#8221; custom_padding_tablet=&#8221;70px||70px||true|false&#8221; custom_padding_phone=&#8221;70px||70px||true|false&#8221; custom_css_main_element=&#8221;  background-image: ||    url(%22https:\/\/ki-ausbildungszentrum.de\/wp-content\/uploads\/2025\/10\/bubble-cream-1.CpCK1HAs.png%22),||    url(%22https:\/\/ki-ausbildungszentrum.de\/wp-content\/uploads\/2025\/10\/bubble-cream-2-small.ffMnqoi1.png%22);||  background-position: right top, left bottom;||  background-repeat: no-repeat, no-repeat;||  background-size: auto, auto;||background-size: 700px auto, 700px auto;&#8221; global_colors_info=&#8221;{}&#8221;][et_pb_row use_custom_gutter=&#8221;on&#8221; gutter_width=&#8221;2&#8243; make_equal=&#8221;on&#8221; _builder_version=&#8221;4.24.0&#8243; _module_preset=&#8221;default&#8221; width=&#8221;90%&#8221; max_width=&#8221;1920px&#8221; global_colors_info=&#8221;{}&#8221;][et_pb_column type=&#8221;4_4&#8243; _builder_version=&#8221;4.24.0&#8243; _module_preset=&#8221;default&#8221; background_color=&#8221;#F5F5F5&#8243; custom_padding=&#8221;60px|50px|60px|50px|true|true&#8221; border_radii=&#8221;on|10px|10px|10px|10px&#8221; global_colors_info=&#8221;{}&#8221;][et_pb_text _builder_version=&#8221;4.27.4&#8243; _module_preset=&#8221;default&#8221; text_font=&#8221;Lexend||||||||&#8221; text_text_color=&#8221;#042729&#8243; text_font_size=&#8221;16px&#8221; text_line_height=&#8221;1.8em&#8221; ul_line_height=&#8221;1.8em&#8221; locked=&#8221;off&#8221; global_colors_info=&#8221;{}&#8221;]<\/p>\n<p>Die Deutsche Mundgesundheitsstiftung (DMS) vergibt in jedem Jahr aufs Neue 30 Stipendiatenpl\u00e4tze f\u00fcr die Masterclass an Dentalhygieniker und Dentalhygienikerinnen, Prophylaxe-Fachkr\u00e4fte und Praxismanager bzw. -managerinnen.<\/p>\n<p>Die DMS \u00fcbernimmt in diesem Rahmen 50 Prozent der Registrierungskosten f\u00fcr die Seminarteilnahme inklusive der Zertifizierung. Stipendiaten erhalten dar\u00fcber hinaus Zertifikate f\u00fcr ihren Lebenslauf sowie Zusatzqualifikationen als OralFitness Coach\u00a9 und KompetenzPartner im Mikron\u00e4hrstoffExperten-Netzwerk.<\/p>\n<p>[\/et_pb_text][\/et_pb_column][\/et_pb_row][et_pb_row use_custom_gutter=&#8221;on&#8221; gutter_width=&#8221;2&#8243; make_equal=&#8221;on&#8221; module_id=&#8221;form&#8221; _builder_version=&#8221;4.27.4&#8243; _module_preset=&#8221;default&#8221; width=&#8221;53%&#8221; max_width=&#8221;1920px&#8221; global_colors_info=&#8221;{}&#8221;][et_pb_column type=&#8221;4_4&#8243; _builder_version=&#8221;4.24.0&#8243; _module_preset=&#8221;default&#8221; background_color=&#8221;#F5F5F5&#8243; custom_padding=&#8221;60px|50px|60px|50px|true|true&#8221; border_radii=&#8221;on|10px|10px|10px|10px&#8221; global_colors_info=&#8221;{}&#8221;][et_pb_contact_form email=&#8221;info@mundgesundheitsstiftung.de&#8221; custom_message=&#8221;%%Vorname%%||et_pb_line_break_holder||%%Nachname%%||et_pb_line_break_holder||%%Email%%||et_pb_line_break_holder||%%Telefonnummer%%||et_pb_line_break_holder||%%Nachricht%%||et_pb_line_break_holder||&#8221; success_message=&#8221;Vielen Dank f\u00fcr Ihre Nachricht! Wir melden uns schnellstm\u00f6glich zur\u00fcck.&#8221; _builder_version=&#8221;4.27.4&#8243; _module_preset=&#8221;default&#8221; _unique_id=&#8221;2c07d89c-dcef-4e33-9e58-06710290402a&#8221; form_field_background_color=&#8221;#ffffff&#8221; form_field_text_color=&#8221;#0B0400&#8243; form_field_focus_background_color=&#8221;#FFFFFF&#8221; form_field_focus_text_color=&#8221;#0B0400&#8243; form_field_font=&#8221;Lexend||||||||&#8221; form_field_font_size=&#8221;16px&#8221; custom_button=&#8221;on&#8221; button_text_size=&#8221;0.9rem&#8221; button_text_color=&#8221;#FFFFFF&#8221; button_bg_color=&#8221;#fe5e13&#8243; button_border_width=&#8221;0px&#8221; button_border_radius=&#8221;8px&#8221; button_letter_spacing=&#8221;1px&#8221; button_font=&#8221;Lexend Deca|||on|||||&#8221; button_use_icon=&#8221;off&#8221; hover_enabled=&#8221;0&#8243; custom_css_free_form=&#8221;label.et_pb_contact_form_label {||    font-size: 16px;||    font-family: &#8216;Lexend&#8217; !important;||}&#8221; global_colors_info=&#8221;{}&#8221; sticky_enabled=&#8221;0&#8243;][et_pb_contact_field field_id=&#8221;Vorname&#8221; field_title=&#8221;Vorname&#8221; _builder_version=&#8221;4.24.0&#8243; global_colors_info=&#8221;{}&#8221; button_text_size__hover_enabled=&#8221;off&#8221; button_one_text_size__hover_enabled=&#8221;off&#8221; button_two_text_size__hover_enabled=&#8221;off&#8221; button_text_color__hover_enabled=&#8221;off&#8221; button_one_text_color__hover_enabled=&#8221;off&#8221; button_two_text_color__hover_enabled=&#8221;off&#8221; button_border_width__hover_enabled=&#8221;off&#8221; button_one_border_width__hover_enabled=&#8221;off&#8221; button_two_border_width__hover_enabled=&#8221;off&#8221; button_border_color__hover_enabled=&#8221;off&#8221; button_one_border_color__hover_enabled=&#8221;off&#8221; button_two_border_color__hover_enabled=&#8221;off&#8221; button_border_radius__hover_enabled=&#8221;off&#8221; button_one_border_radius__hover_enabled=&#8221;off&#8221; button_two_border_radius__hover_enabled=&#8221;off&#8221; button_letter_spacing__hover_enabled=&#8221;off&#8221; button_one_letter_spacing__hover_enabled=&#8221;off&#8221; button_two_letter_spacing__hover_enabled=&#8221;off&#8221; button_bg_color__hover_enabled=&#8221;off&#8221; button_one_bg_color__hover_enabled=&#8221;off&#8221; button_two_bg_color__hover_enabled=&#8221;off&#8221;][\/et_pb_contact_field][et_pb_contact_field field_id=&#8221;Nachname&#8221; field_title=&#8221;Nachname&#8221; _builder_version=&#8221;4.24.0&#8243; global_colors_info=&#8221;{}&#8221; button_text_size__hover_enabled=&#8221;off&#8221; button_one_text_size__hover_enabled=&#8221;off&#8221; button_two_text_size__hover_enabled=&#8221;off&#8221; button_text_color__hover_enabled=&#8221;off&#8221; button_one_text_color__hover_enabled=&#8221;off&#8221; button_two_text_color__hover_enabled=&#8221;off&#8221; button_border_width__hover_enabled=&#8221;off&#8221; button_one_border_width__hover_enabled=&#8221;off&#8221; button_two_border_width__hover_enabled=&#8221;off&#8221; button_border_color__hover_enabled=&#8221;off&#8221; button_one_border_color__hover_enabled=&#8221;off&#8221; button_two_border_color__hover_enabled=&#8221;off&#8221; button_border_radius__hover_enabled=&#8221;off&#8221; button_one_border_radius__hover_enabled=&#8221;off&#8221; button_two_border_radius__hover_enabled=&#8221;off&#8221; button_letter_spacing__hover_enabled=&#8221;off&#8221; button_one_letter_spacing__hover_enabled=&#8221;off&#8221; button_two_letter_spacing__hover_enabled=&#8221;off&#8221; button_bg_color__hover_enabled=&#8221;off&#8221; button_one_bg_color__hover_enabled=&#8221;off&#8221; button_two_bg_color__hover_enabled=&#8221;off&#8221;][\/et_pb_contact_field][et_pb_contact_field field_id=&#8221;Email&#8221; field_title=&#8221;E-Mail-Adresse&#8221; field_type=&#8221;email&#8221; _builder_version=&#8221;4.16&#8243; global_colors_info=&#8221;{}&#8221; button_text_size__hover_enabled=&#8221;off&#8221; button_one_text_size__hover_enabled=&#8221;off&#8221; button_two_text_size__hover_enabled=&#8221;off&#8221; button_text_color__hover_enabled=&#8221;off&#8221; button_one_text_color__hover_enabled=&#8221;off&#8221; button_two_text_color__hover_enabled=&#8221;off&#8221; button_border_width__hover_enabled=&#8221;off&#8221; button_one_border_width__hover_enabled=&#8221;off&#8221; button_two_border_width__hover_enabled=&#8221;off&#8221; button_border_color__hover_enabled=&#8221;off&#8221; button_one_border_color__hover_enabled=&#8221;off&#8221; button_two_border_color__hover_enabled=&#8221;off&#8221; button_border_radius__hover_enabled=&#8221;off&#8221; button_one_border_radius__hover_enabled=&#8221;off&#8221; button_two_border_radius__hover_enabled=&#8221;off&#8221; button_letter_spacing__hover_enabled=&#8221;off&#8221; button_one_letter_spacing__hover_enabled=&#8221;off&#8221; button_two_letter_spacing__hover_enabled=&#8221;off&#8221; button_bg_color__hover_enabled=&#8221;off&#8221; button_one_bg_color__hover_enabled=&#8221;off&#8221; button_two_bg_color__hover_enabled=&#8221;off&#8221;][\/et_pb_contact_field][et_pb_contact_field field_id=&#8221;Telefonnummer&#8221; field_title=&#8221;Telefonnummer&#8221; _builder_version=&#8221;4.24.0&#8243; global_colors_info=&#8221;{}&#8221; button_text_size__hover_enabled=&#8221;off&#8221; button_one_text_size__hover_enabled=&#8221;off&#8221; button_two_text_size__hover_enabled=&#8221;off&#8221; button_text_color__hover_enabled=&#8221;off&#8221; button_one_text_color__hover_enabled=&#8221;off&#8221; button_two_text_color__hover_enabled=&#8221;off&#8221; button_border_width__hover_enabled=&#8221;off&#8221; button_one_border_width__hover_enabled=&#8221;off&#8221; button_two_border_width__hover_enabled=&#8221;off&#8221; button_border_color__hover_enabled=&#8221;off&#8221; button_one_border_color__hover_enabled=&#8221;off&#8221; button_two_border_color__hover_enabled=&#8221;off&#8221; button_border_radius__hover_enabled=&#8221;off&#8221; button_one_border_radius__hover_enabled=&#8221;off&#8221; button_two_border_radius__hover_enabled=&#8221;off&#8221; button_letter_spacing__hover_enabled=&#8221;off&#8221; button_one_letter_spacing__hover_enabled=&#8221;off&#8221; button_two_letter_spacing__hover_enabled=&#8221;off&#8221; button_bg_color__hover_enabled=&#8221;off&#8221; button_one_bg_color__hover_enabled=&#8221;off&#8221; button_two_bg_color__hover_enabled=&#8221;off&#8221;][\/et_pb_contact_field][et_pb_contact_field field_id=&#8221;Nachricht&#8221; field_title=&#8221;Nachricht&#8221; field_type=&#8221;text&#8221; fullwidth_field=&#8221;on&#8221; _builder_version=&#8221;4.24.0&#8243; global_colors_info=&#8221;{}&#8221; button_text_size__hover_enabled=&#8221;off&#8221; button_one_text_size__hover_enabled=&#8221;off&#8221; button_two_text_size__hover_enabled=&#8221;off&#8221; button_text_color__hover_enabled=&#8221;off&#8221; button_one_text_color__hover_enabled=&#8221;off&#8221; button_two_text_color__hover_enabled=&#8221;off&#8221; button_border_width__hover_enabled=&#8221;off&#8221; button_one_border_width__hover_enabled=&#8221;off&#8221; button_two_border_width__hover_enabled=&#8221;off&#8221; button_border_color__hover_enabled=&#8221;off&#8221; button_one_border_color__hover_enabled=&#8221;off&#8221; button_two_border_color__hover_enabled=&#8221;off&#8221; button_border_radius__hover_enabled=&#8221;off&#8221; button_one_border_radius__hover_enabled=&#8221;off&#8221; button_two_border_radius__hover_enabled=&#8221;off&#8221; button_letter_spacing__hover_enabled=&#8221;off&#8221; button_one_letter_spacing__hover_enabled=&#8221;off&#8221; button_two_letter_spacing__hover_enabled=&#8221;off&#8221; button_bg_color__hover_enabled=&#8221;off&#8221; button_one_bg_color__hover_enabled=&#8221;off&#8221; button_two_bg_color__hover_enabled=&#8221;off&#8221;][\/et_pb_contact_field][\/et_pb_contact_form][\/et_pb_column][\/et_pb_row][\/et_pb_section]<\/p>\n","protected":false},"excerpt":{"rendered":"<p>Deutsche mundgesundheitsstiftungStipendiumBewerben Sie sich f\u00fcr ein StipendiumDie Deutsche Mundgesundheitsstiftung (DMS) vergibt in jedem Jahr aufs Neue 30 Stipendiatenpl\u00e4tze f\u00fcr die Masterclass an Dentalhygieniker und Dentalhygienikerinnen, Prophylaxe-Fachkr\u00e4fte und Praxismanager bzw. -managerinnen. Die DMS \u00fcbernimmt in diesem Rahmen 50 Prozent der Registrierungskosten f\u00fcr die Seminarteilnahme inklusive der Zertifizierung. Stipendiaten erhalten dar\u00fcber hinaus Zertifikate f\u00fcr ihren Lebenslauf sowie [&hellip;]<\/p>\n","protected":false},"author":8,"featured_media":0,"parent":0,"menu_order":0,"comment_status":"closed","ping_status":"closed","template":"","meta":{"_et_pb_use_builder":"on","_et_pb_old_content":"","_et_gb_content_width":"","footnotes":""},"dipi_cpt_category":[],"class_list":["post-27586863","page","type-page","status-publish","hentry"],"yoast_head":"<!-- This site is optimized with the Yoast SEO plugin v27.4 - https:\/\/yoast.com\/product\/yoast-seo-wordpress\/ -->\n<title>Stipendium - DMS Deutsche Mundgesundheitsstiftung<\/title>\n<meta name=\"robots\" content=\"index, follow, max-snippet:-1, max-image-preview:large, max-video-preview:-1\" \/>\n<link rel=\"canonical\" href=\"https:\/\/die-mundgesundheitsstiftung.de\/en\/stipendium\/\" \/>\n<meta property=\"og:locale\" content=\"en_US\" \/>\n<meta property=\"og:type\" content=\"article\" \/>\n<meta property=\"og:title\" content=\"Stipendium - DMS Deutsche Mundgesundheitsstiftung\" \/>\n<meta property=\"og:description\" content=\"Deutsche mundgesundheitsstiftungStipendiumBewerben Sie sich f\u00fcr ein StipendiumDie Deutsche Mundgesundheitsstiftung (DMS) vergibt in jedem Jahr aufs Neue 30 Stipendiatenpl\u00e4tze f\u00fcr die Masterclass an Dentalhygieniker und Dentalhygienikerinnen, Prophylaxe-Fachkr\u00e4fte und Praxismanager bzw. -managerinnen. Die DMS \u00fcbernimmt in diesem Rahmen 50 Prozent der Registrierungskosten f\u00fcr die Seminarteilnahme inklusive der Zertifizierung. Stipendiaten erhalten dar\u00fcber hinaus Zertifikate f\u00fcr ihren Lebenslauf sowie [&hellip;]\" \/>\n<meta property=\"og:url\" content=\"https:\/\/die-mundgesundheitsstiftung.de\/en\/stipendium\/\" \/>\n<meta property=\"og:site_name\" content=\"DMS Deutsche Mundgesundheitsstiftung\" \/>\n<meta property=\"article:modified_time\" content=\"2025-11-10T14:44:04+00:00\" \/>\n<meta name=\"twitter:card\" content=\"summary_large_image\" \/>\n<script type=\"application\/ld+json\" class=\"yoast-schema-graph\">{\"@context\":\"https:\\\/\\\/schema.org\",\"@graph\":[{\"@type\":\"WebPage\",\"@id\":\"https:\\\/\\\/die-mundgesundheitsstiftung.de\\\/stipendium\\\/\",\"url\":\"https:\\\/\\\/die-mundgesundheitsstiftung.de\\\/stipendium\\\/\",\"name\":\"Stipendium - DMS Deutsche Mundgesundheitsstiftung\",\"isPartOf\":{\"@id\":\"https:\\\/\\\/die-mundgesundheitsstiftung.de\\\/#website\"},\"datePublished\":\"2025-11-07T11:49:29+00:00\",\"dateModified\":\"2025-11-10T14:44:04+00:00\",\"breadcrumb\":{\"@id\":\"https:\\\/\\\/die-mundgesundheitsstiftung.de\\\/stipendium\\\/#breadcrumb\"},\"inLanguage\":\"en-US\",\"potentialAction\":[{\"@type\":\"ReadAction\",\"target\":[\"https:\\\/\\\/die-mundgesundheitsstiftung.de\\\/stipendium\\\/\"]}]},{\"@type\":\"BreadcrumbList\",\"@id\":\"https:\\\/\\\/die-mundgesundheitsstiftung.de\\\/stipendium\\\/#breadcrumb\",\"itemListElement\":[{\"@type\":\"ListItem\",\"position\":1,\"name\":\"Startseite\",\"item\":\"https:\\\/\\\/die-mundgesundheitsstiftung.de\\\/\"},{\"@type\":\"ListItem\",\"position\":2,\"name\":\"Stipendium\"}]},{\"@type\":\"WebSite\",\"@id\":\"https:\\\/\\\/die-mundgesundheitsstiftung.de\\\/#website\",\"url\":\"https:\\\/\\\/die-mundgesundheitsstiftung.de\\\/\",\"name\":\"DMS Deutsche Mundgesundheitsstiftung\",\"description\":\"DMS Deutsche Mundgesundheitsstiftung\",\"potentialAction\":[{\"@type\":\"SearchAction\",\"target\":{\"@type\":\"EntryPoint\",\"urlTemplate\":\"https:\\\/\\\/die-mundgesundheitsstiftung.de\\\/?s={search_term_string}\"},\"query-input\":{\"@type\":\"PropertyValueSpecification\",\"valueRequired\":true,\"valueName\":\"search_term_string\"}}],\"inLanguage\":\"en-US\"}]}<\/script>\n<!-- \/ Yoast SEO plugin. -->","yoast_head_json":{"title":"Stipendium - DMS Deutsche Mundgesundheitsstiftung","robots":{"index":"index","follow":"follow","max-snippet":"max-snippet:-1","max-image-preview":"max-image-preview:large","max-video-preview":"max-video-preview:-1"},"canonical":"https:\/\/die-mundgesundheitsstiftung.de\/en\/stipendium\/","og_locale":"en_US","og_type":"article","og_title":"Stipendium - DMS Deutsche Mundgesundheitsstiftung","og_description":"Deutsche mundgesundheitsstiftungStipendiumBewerben Sie sich f\u00fcr ein StipendiumDie Deutsche Mundgesundheitsstiftung (DMS) vergibt in jedem Jahr aufs Neue 30 Stipendiatenpl\u00e4tze f\u00fcr die Masterclass an Dentalhygieniker und Dentalhygienikerinnen, Prophylaxe-Fachkr\u00e4fte und Praxismanager bzw. -managerinnen. Die DMS \u00fcbernimmt in diesem Rahmen 50 Prozent der Registrierungskosten f\u00fcr die Seminarteilnahme inklusive der Zertifizierung. Stipendiaten erhalten dar\u00fcber hinaus Zertifikate f\u00fcr ihren Lebenslauf sowie [&hellip;]","og_url":"https:\/\/die-mundgesundheitsstiftung.de\/en\/stipendium\/","og_site_name":"DMS Deutsche Mundgesundheitsstiftung","article_modified_time":"2025-11-10T14:44:04+00:00","twitter_card":"summary_large_image","schema":{"@context":"https:\/\/schema.org","@graph":[{"@type":"WebPage","@id":"https:\/\/die-mundgesundheitsstiftung.de\/stipendium\/","url":"https:\/\/die-mundgesundheitsstiftung.de\/stipendium\/","name":"Stipendium - DMS Deutsche Mundgesundheitsstiftung","isPartOf":{"@id":"https:\/\/die-mundgesundheitsstiftung.de\/#website"},"datePublished":"2025-11-07T11:49:29+00:00","dateModified":"2025-11-10T14:44:04+00:00","breadcrumb":{"@id":"https:\/\/die-mundgesundheitsstiftung.de\/stipendium\/#breadcrumb"},"inLanguage":"en-US","potentialAction":[{"@type":"ReadAction","target":["https:\/\/die-mundgesundheitsstiftung.de\/stipendium\/"]}]},{"@type":"BreadcrumbList","@id":"https:\/\/die-mundgesundheitsstiftung.de\/stipendium\/#breadcrumb","itemListElement":[{"@type":"ListItem","position":1,"name":"Startseite","item":"https:\/\/die-mundgesundheitsstiftung.de\/"},{"@type":"ListItem","position":2,"name":"Stipendium"}]},{"@type":"WebSite","@id":"https:\/\/die-mundgesundheitsstiftung.de\/#website","url":"https:\/\/die-mundgesundheitsstiftung.de\/","name":"DMS Deutsche Mundgesundheitsstiftung","description":"DMS Deutsche Mundgesundheitsstiftung","potentialAction":[{"@type":"SearchAction","target":{"@type":"EntryPoint","urlTemplate":"https:\/\/die-mundgesundheitsstiftung.de\/?s={search_term_string}"},"query-input":{"@type":"PropertyValueSpecification","valueRequired":true,"valueName":"search_term_string"}}],"inLanguage":"en-US"}]}},"_links":{"self":[{"href":"https:\/\/die-mundgesundheitsstiftung.de\/en\/wp-json\/wp\/v2\/pages\/27586863","targetHints":{"allow":["GET"]}}],"collection":[{"href":"https:\/\/die-mundgesundheitsstiftung.de\/en\/wp-json\/wp\/v2\/pages"}],"about":[{"href":"https:\/\/die-mundgesundheitsstiftung.de\/en\/wp-json\/wp\/v2\/types\/page"}],"author":[{"embeddable":true,"href":"https:\/\/die-mundgesundheitsstiftung.de\/en\/wp-json\/wp\/v2\/users\/8"}],"replies":[{"embeddable":true,"href":"https:\/\/die-mundgesundheitsstiftung.de\/en\/wp-json\/wp\/v2\/comments?post=27586863"}],"version-history":[{"count":7,"href":"https:\/\/die-mundgesundheitsstiftung.de\/en\/wp-json\/wp\/v2\/pages\/27586863\/revisions"}],"predecessor-version":[{"id":27587092,"href":"https:\/\/die-mundgesundheitsstiftung.de\/en\/wp-json\/wp\/v2\/pages\/27586863\/revisions\/27587092"}],"wp:attachment":[{"href":"https:\/\/die-mundgesundheitsstiftung.de\/en\/wp-json\/wp\/v2\/media?parent=27586863"}],"wp:term":[{"taxonomy":"dipi_cpt_category","embeddable":true,"href":"https:\/\/die-mundgesundheitsstiftung.de\/en\/wp-json\/wp\/v2\/dipi_cpt_category?post=27586863"}],"curies":[{"name":"wp","href":"https:\/\/api.w.org\/{rel}","templated":true}]}}