{"id":824,"date":"2022-02-15T20:06:50","date_gmt":"2022-02-15T20:06:50","guid":{"rendered":"https:\/\/demo.divi-pixel.com\/construction\/?page_id=824"},"modified":"2025-11-06T10:52:01","modified_gmt":"2025-11-06T08:52:01","slug":"kontakt","status":"publish","type":"page","link":"https:\/\/die-mundgesundheitsstiftung.de\/en\/kontakt\/","title":{"rendered":"Contact"},"content":{"rendered":"<p>[et_pb_section fb_built=&#8221;1&#8243; _builder_version=&#8221;4.16&#8243; _module_preset=&#8221;default&#8221; global_colors_info=&#8221;{}&#8221;][et_pb_row column_structure=&#8221;1_2,1_2&#8243; make_equal=&#8221;on&#8221; _builder_version=&#8221;4.16&#8243; _module_preset=&#8221;default&#8221; global_colors_info=&#8221;{}&#8221;][et_pb_column type=&#8221;1_2&#8243; _builder_version=&#8221;4.16&#8243; _module_preset=&#8221;default&#8221; custom_padding=&#8221;50px|50px|50px|50px|true|true&#8221; custom_padding_tablet=&#8221;50px|50px|50px|50px|true|true&#8221; custom_padding_phone=&#8221;30px|20px|30px|20px|true|true&#8221; custom_padding_last_edited=&#8221;on|phone&#8221; custom_css_main_element=&#8221;margin: auto;&#8221; box_shadow_style=&#8221;preset1&#8243; box_shadow_color=&#8221;rgba(100,130,208,0.17)&#8221; global_colors_info=&#8221;{}&#8221;][et_pb_contact_form captcha=&#8221;off&#8221; email=&#8221;info@mundgesundheitsstiftung.de&#8221; custom_message=&#8221;%%Vorname%%||et_pb_line_break_holder||%%Nachname%%||et_pb_line_break_holder||%%E-Mail_Adresse%%||et_pb_line_break_holder||%%Telefonnummer%%||et_pb_line_break_holder||%%Nachricht%%||et_pb_line_break_holder||&#8221; success_message=&#8221;Vielen Dank f\u00fcr Ihre Nachricht! Wir melden uns schnellstm\u00f6glich zur\u00fcck.&#8221; _builder_version=&#8221;4.27.4&#8243; _module_preset=&#8221;default&#8221; _unique_id=&#8221;01b0c780-2ecd-4029-8d27-6bacd2a6a0e0&#8243; form_field_background_color=&#8221;#fcfcfc&#8221; form_field_text_color=&#8221;#333333&#8243; form_field_focus_background_color=&#8221;RGBA(255,255,255,0)&#8221; form_field_focus_text_color=&#8221;#333333&#8243; captcha_text_color=&#8221;#000000&#8243; custom_button=&#8221;on&#8221; button_text_size=&#8221;15px&#8221; button_text_color=&#8221;#FFFFFF&#8221; button_bg_color=&#8221;#FE5E15&#8243; button_border_width=&#8221;0px&#8221; button_border_radius=&#8221;33px&#8221; button_letter_spacing=&#8221;3px&#8221; button_font=&#8221;Poppins|||on|||||&#8221; button_use_icon=&#8221;off&#8221; button_custom_margin=&#8221;5px||||false|false&#8221; button_custom_padding=&#8221;15px||15px||true|false&#8221; global_colors_info=&#8221;{}&#8221; button_bg_color__hover_enabled=&#8221;on|hover&#8221; button_bg_color__hover=&#8221;#00235A&#8221; button_bg_enable_color__hover=&#8221;on&#8221;][et_pb_contact_field field_id=&#8221;Vorname&#8221; field_title=&#8221;Vorname&#8221; _builder_version=&#8221;4.20.4&#8243; border_width_all=&#8221;1px&#8221; border_color_all=&#8221;#e7eaf0&#8243; global_colors_info=&#8221;{}&#8221; button_text_size__hover_enabled=&#8221;off&#8221; button_one_text_size__hover_enabled=&#8221;off&#8221; button_two_text_size__hover_enabled=&#8221;off&#8221; button_text_color__hover_enabled=&#8221;off&#8221; button_one_text_color__hover_enabled=&#8221;off&#8221; button_two_text_color__hover_enabled=&#8221;off&#8221; button_border_width__hover_enabled=&#8221;off&#8221; button_one_border_width__hover_enabled=&#8221;off&#8221; button_two_border_width__hover_enabled=&#8221;off&#8221; button_border_color__hover_enabled=&#8221;off&#8221; button_one_border_color__hover_enabled=&#8221;off&#8221; button_two_border_color__hover_enabled=&#8221;off&#8221; button_border_radius__hover_enabled=&#8221;off&#8221; button_one_border_radius__hover_enabled=&#8221;off&#8221; button_two_border_radius__hover_enabled=&#8221;off&#8221; button_letter_spacing__hover_enabled=&#8221;off&#8221; button_one_letter_spacing__hover_enabled=&#8221;off&#8221; button_two_letter_spacing__hover_enabled=&#8221;off&#8221; button_bg_color__hover_enabled=&#8221;off&#8221; button_one_bg_color__hover_enabled=&#8221;off&#8221; button_two_bg_color__hover_enabled=&#8221;off&#8221;][\/et_pb_contact_field][et_pb_contact_field field_id=&#8221;Nachname&#8221; field_title=&#8221;Nachname&#8221; _builder_version=&#8221;4.20.4&#8243; border_width_all=&#8221;1px&#8221; border_color_all=&#8221;#e7eaf0&#8243; global_colors_info=&#8221;{}&#8221; button_text_size__hover_enabled=&#8221;off&#8221; button_one_text_size__hover_enabled=&#8221;off&#8221; button_two_text_size__hover_enabled=&#8221;off&#8221; button_text_color__hover_enabled=&#8221;off&#8221; button_one_text_color__hover_enabled=&#8221;off&#8221; button_two_text_color__hover_enabled=&#8221;off&#8221; button_border_width__hover_enabled=&#8221;off&#8221; button_one_border_width__hover_enabled=&#8221;off&#8221; button_two_border_width__hover_enabled=&#8221;off&#8221; button_border_color__hover_enabled=&#8221;off&#8221; button_one_border_color__hover_enabled=&#8221;off&#8221; button_two_border_color__hover_enabled=&#8221;off&#8221; button_border_radius__hover_enabled=&#8221;off&#8221; button_one_border_radius__hover_enabled=&#8221;off&#8221; button_two_border_radius__hover_enabled=&#8221;off&#8221; button_letter_spacing__hover_enabled=&#8221;off&#8221; button_one_letter_spacing__hover_enabled=&#8221;off&#8221; button_two_letter_spacing__hover_enabled=&#8221;off&#8221; button_bg_color__hover_enabled=&#8221;off&#8221; button_one_bg_color__hover_enabled=&#8221;off&#8221; button_two_bg_color__hover_enabled=&#8221;off&#8221;][\/et_pb_contact_field][et_pb_contact_field field_id=&#8221;E-Mail_Adresse&#8221; field_title=&#8221;E-Mail Adresse&#8221; field_type=&#8221;email&#8221; fullwidth_field=&#8221;on&#8221; _builder_version=&#8221;4.20.4&#8243; border_width_all=&#8221;1px&#8221; border_color_all=&#8221;#e7eaf0&#8243; global_colors_info=&#8221;{}&#8221; button_text_size__hover_enabled=&#8221;off&#8221; button_one_text_size__hover_enabled=&#8221;off&#8221; button_two_text_size__hover_enabled=&#8221;off&#8221; button_text_color__hover_enabled=&#8221;off&#8221; button_one_text_color__hover_enabled=&#8221;off&#8221; button_two_text_color__hover_enabled=&#8221;off&#8221; button_border_width__hover_enabled=&#8221;off&#8221; button_one_border_width__hover_enabled=&#8221;off&#8221; button_two_border_width__hover_enabled=&#8221;off&#8221; button_border_color__hover_enabled=&#8221;off&#8221; button_one_border_color__hover_enabled=&#8221;off&#8221; button_two_border_color__hover_enabled=&#8221;off&#8221; button_border_radius__hover_enabled=&#8221;off&#8221; button_one_border_radius__hover_enabled=&#8221;off&#8221; button_two_border_radius__hover_enabled=&#8221;off&#8221; button_letter_spacing__hover_enabled=&#8221;off&#8221; button_one_letter_spacing__hover_enabled=&#8221;off&#8221; button_two_letter_spacing__hover_enabled=&#8221;off&#8221; button_bg_color__hover_enabled=&#8221;off&#8221; button_one_bg_color__hover_enabled=&#8221;off&#8221; button_two_bg_color__hover_enabled=&#8221;off&#8221;][\/et_pb_contact_field][et_pb_contact_field field_id=&#8221;Telefonnummer&#8221; field_title=&#8221;Telefonnummer&#8221; min_length=&#8221;10&#8243; max_length=&#8221;11&#8243; allowed_symbols=&#8221;numbers&#8221; fullwidth_field=&#8221;on&#8221; _builder_version=&#8221;4.20.4&#8243; _module_preset=&#8221;default&#8221; border_width_all=&#8221;1px&#8221; border_color_all=&#8221;#e7eaf0&#8243; global_colors_info=&#8221;{}&#8221;][\/et_pb_contact_field][et_pb_contact_field field_id=&#8221;Nachricht&#8221; field_title=&#8221;Nachricht&#8221; field_type=&#8221;text&#8221; fullwidth_field=&#8221;on&#8221; _builder_version=&#8221;4.20.4&#8243; border_width_all=&#8221;1px&#8221; border_color_all=&#8221;#e7eaf0&#8243; global_colors_info=&#8221;{}&#8221; button_text_size__hover_enabled=&#8221;off&#8221; button_one_text_size__hover_enabled=&#8221;off&#8221; button_two_text_size__hover_enabled=&#8221;off&#8221; button_text_color__hover_enabled=&#8221;off&#8221; button_one_text_color__hover_enabled=&#8221;off&#8221; button_two_text_color__hover_enabled=&#8221;off&#8221; button_border_width__hover_enabled=&#8221;off&#8221; button_one_border_width__hover_enabled=&#8221;off&#8221; button_two_border_width__hover_enabled=&#8221;off&#8221; button_border_color__hover_enabled=&#8221;off&#8221; button_one_border_color__hover_enabled=&#8221;off&#8221; button_two_border_color__hover_enabled=&#8221;off&#8221; button_border_radius__hover_enabled=&#8221;off&#8221; button_one_border_radius__hover_enabled=&#8221;off&#8221; button_two_border_radius__hover_enabled=&#8221;off&#8221; button_letter_spacing__hover_enabled=&#8221;off&#8221; button_one_letter_spacing__hover_enabled=&#8221;off&#8221; button_two_letter_spacing__hover_enabled=&#8221;off&#8221; button_bg_color__hover_enabled=&#8221;off&#8221; button_one_bg_color__hover_enabled=&#8221;off&#8221; button_two_bg_color__hover_enabled=&#8221;off&#8221;][\/et_pb_contact_field][et_pb_contact_field field_id=&#8221;Field_6&#8243; field_title=&#8221;Datenschutzhinweis&#8221; field_type=&#8221;checkbox&#8221; checkbox_options=&#8221;%91{%22value%22:%22Hiermit erkl\u00e4re ich mich mit der Datenschutzerkl\u00e4rung einverstanden.%22,%22checked%22:0,%22dragID%22:-1}%93&#8243; fullwidth_field=&#8221;on&#8221; _builder_version=&#8221;4.22.1&#8243; _module_preset=&#8221;default&#8221; form_field_background_color=&#8221;#F5F5F5&#8243; global_colors_info=&#8221;{}&#8221;][\/et_pb_contact_field][\/et_pb_contact_form][et_pb_divider color=&#8221;#E7EAF0&#8243; _builder_version=&#8221;4.16&#8243; _module_preset=&#8221;default&#8221; global_colors_info=&#8221;{}&#8221;][\/et_pb_divider][et_pb_text _builder_version=&#8221;4.20.4&#8243; _module_preset=&#8221;default&#8221; header_4_font=&#8221;|600|||||||&#8221; custom_margin=&#8221;||40px||false|false&#8221; global_colors_info=&#8221;{}&#8221;]<\/p>\n<h4>Contact details<\/h4>\n<p>[\/et_pb_text][et_pb_blurb title=&#8221;Adresse&#8221; use_icon=&#8221;on&#8221; font_icon=&#8221;&#xf3c5;||fa||900&#8243; icon_color=&#8221;#7D8AA1&#8243; icon_placement=&#8221;left&#8221; image_icon_width=&#8221;25px&#8221; content_max_width=&#8221;1100px&#8221; _builder_version=&#8221;4.20.4&#8243; _module_preset=&#8221;default&#8221; header_font=&#8221;|600|||||||&#8221; header_font_size=&#8221;15px&#8221; body_text_color=&#8221;#7D8AA1&#8243; body_line_height=&#8221;1em&#8221; custom_margin=&#8221;||50px||false|false&#8221; body_line_height_tablet=&#8221;1em&#8221; body_line_height_phone=&#8221;1.7em&#8221; body_line_height_last_edited=&#8221;on|phone&#8221; global_colors_info=&#8221;{}&#8221;]<\/p>\n<p><span>Bonner Str. 84<\/span><br \/><span>42697 Solingen<\/span><\/p>\n<p>[\/et_pb_blurb][et_pb_blurb title=&#8221;Telefonnummer&#8221; use_icon=&#8221;on&#8221; font_icon=&#8221;&#xf879;||fa||900&#8243; icon_color=&#8221;#7D8AA1&#8243; icon_placement=&#8221;left&#8221; image_icon_width=&#8221;25px&#8221; content_max_width=&#8221;1100px&#8221; _builder_version=&#8221;4.20.4&#8243; _module_preset=&#8221;default&#8221; header_font=&#8221;|600|||||||&#8221; header_font_size=&#8221;15px&#8221; body_text_color=&#8221;#7D8AA1&#8243; body_line_height=&#8221;1em&#8221; body_link_text_color=&#8221;#7D8AA1&#8243; custom_margin=&#8221;||50px||false|false&#8221; body_line_height_tablet=&#8221;1em&#8221; body_line_height_phone=&#8221;1.5em&#8221; body_line_height_last_edited=&#8221;on|phone&#8221; global_colors_info=&#8221;{}&#8221; body_link_text_color__hover_enabled=&#8221;on|hover&#8221; body_link_text_color__hover=&#8221;#FE5E15&#8243;]<\/p>\n<p><span>\u00a0<\/span><a title=\"Rufen Sie uns an\" href=\"tel:0212645747936\">0212-64 57 479 36<\/a><\/p>\n<p>[\/et_pb_blurb][et_pb_blurb title=&#8221;E-Mail&#8221; use_icon=&#8221;on&#8221; font_icon=&#8221;&#xf1d8;||fa||900&#8243; icon_color=&#8221;#7D8AA1&#8243; icon_placement=&#8221;left&#8221; image_icon_width=&#8221;25px&#8221; content_max_width=&#8221;1100px&#8221; _builder_version=&#8221;4.20.4&#8243; _module_preset=&#8221;default&#8221; header_font=&#8221;|600|||||||&#8221; header_font_size=&#8221;15px&#8221; body_text_color=&#8221;#7D8AA1&#8243; body_line_height=&#8221;1em&#8221; body_link_text_color=&#8221;#7D8AA1&#8243; body_line_height_tablet=&#8221;1em&#8221; body_line_height_phone=&#8221;1.6em&#8221; body_line_height_last_edited=&#8221;on|phone&#8221; global_colors_info=&#8221;{}&#8221; body_link_text_color__hover_enabled=&#8221;on|hover&#8221; body_link_text_color__hover=&#8221;#FE5E15&#8243;]<\/p>\n<p><a title=\"Schreiben Sie uns eine E-Mail\" href=\"mailto:info@mundgesundheitsstiftung.de\">info@mundgesundheitsstiftung.de\u00a0<\/a><\/p>\n<p>[\/et_pb_blurb][\/et_pb_column][et_pb_column type=&#8221;1_2&#8243; _builder_version=&#8221;4.16&#8243; _module_preset=&#8221;default&#8221; custom_padding_tablet=&#8221;80px||||false|false&#8221; custom_padding_phone=&#8221;80px||||false|false&#8221; custom_padding_last_edited=&#8221;on|tablet&#8221; custom_css_main_element=&#8221;margin: auto;&#8221; global_colors_info=&#8221;{}&#8221;][dipi_dual_heading first_heading=&#8221;Kontaktieren Sie uns&#8221; use_background_text=&#8221;on&#8221; background_text=&#8221;Kontakt&#8221; fh_padding=&#8221;0px|10px|0px|10px|false|true&#8221; bt_position_vertical=&#8221;25%&#8221; bt_style=&#8221;stroke&#8221; bt_stroke_color=&#8221;#e9ecef&#8221; bt_stroke_fill=&#8221;RGBA(255,255,255,0)&#8221; background_text_color_gradient_direction=&#8221;90deg&#8221; background_text_color_gradient_stops=&#8221;#00235a 0%|#7d8aa1 100%&#8221; background_text_color_gradient_start=&#8221;#00235a&#8221; background_text_color_gradient_end=&#8221;#7d8aa1&#8243; bt_padding=&#8221;0px|0px|0px||false|false&#8221; bt_margin=&#8221;|0px|0px|10px|false|false&#8221; _builder_version=&#8221;4.20.4&#8243; _module_preset=&#8221;default&#8221; first_heading_text_color=&#8221;#FE5E15&#8243; first_heading_font_size=&#8221;14px&#8221; first_heading_letter_spacing=&#8221;3px&#8221; background_text_font=&#8221;|||on|||||&#8221; background_text_text_align=&#8221;left&#8221; background_text_font_size=&#8221;80px&#8221; text_orientation=&#8221;left&#8221; custom_margin=&#8221;||||false|false&#8221; background_text_font_size_tablet=&#8221;80px&#8221; background_text_font_size_phone=&#8221;50px&#8221; background_text_font_size_last_edited=&#8221;on|phone&#8221; custom_css_main_element=&#8221;margin-bottom: 25px !important;&#8221; border_color_left=&#8221;#FE5E15&#8243; border_width_left_bt_border=&#8221;5px&#8221; locked=&#8221;off&#8221; global_colors_info=&#8221;{}&#8221; background_text_text_color__hover_enabled=&#8221;off|desktop&#8221; custom_css_main_element_last_edited=&#8221;on|tablet&#8221; custom_css_main_element_tablet=&#8221;.&#8221; custom_css_main_element_phone=&#8221;.&#8221; overlay_bg_color_gradient_type_tablet=&#8221;linear&#8221; overlay_bg_color_gradient_type_phone=&#8221;linear&#8221; overlay_bg_color_gradient_type__hover=&#8221;linear&#8221; image_bg_color_gradient_type__hover=&#8221;linear&#8221;][\/dipi_dual_heading][et_pb_text _builder_version=&#8221;4.20.4&#8243; _module_preset=&#8221;default&#8221; header_2_font=&#8221;|700|||||||&#8221; header_2_font_size=&#8221;35px&#8221; header_2_line_height=&#8221;1.5em&#8221; custom_margin=&#8221;||10px||false|false&#8221; header_2_font_size_tablet=&#8221;35px&#8221; header_2_font_size_phone=&#8221;30px&#8221; header_2_font_size_last_edited=&#8221;on|phone&#8221; locked=&#8221;off&#8221; global_colors_info=&#8221;{}&#8221;]<\/p>\n<h2>One network. One mission.<\/h2>\n<p>[\/et_pb_text][dipi_faq show_all=&#8221;on&#8221; faq_layout=&#8221;accordion&#8221; accordion_open_first=&#8221;on&#8221; icon_animate=&#8221;on&#8221; icon_animate_delay=&#8221;on&#8221; icon_closed=&#8221;&#x4c;||divi||400&#8243; icon_open=&#8221;&#x4b;||divi||400&#8243; icon_open_color=&#8221;#FFFFFF&#8221; icon_closed_color=&#8221;#FE5E15&#8243; icon_closed_bg_color=&#8221;RGBA(255,255,255,0)&#8221; icon_open_font_size=&#8221;18px&#8221; icon_closed_font_size=&#8221;18px&#8221; entry_background_closed=&#8221;#F5F5F5&#8243; entry_background_open=&#8221;#FE5E15&#8243; entry_margin_closed=&#8221;||15px||false|false&#8221; entry_margin_open=&#8221;||15px||false|false&#8221; content_padding_closed=&#8221;|50px|20px|20px|false|false&#8221; content_padding_open=&#8221;|50px|||false|false&#8221; _builder_version=&#8221;4.20.4&#8243; _module_preset=&#8221;default&#8221; title_closed_font=&#8221;Poppins|500|||||||&#8221; title_closed_text_color=&#8221;#333333&#8243; title_closed_font_size=&#8221;14px&#8221; title_open_font=&#8221;Poppins|500|||||||&#8221; title_open_text_color=&#8221;#FFFFFF&#8221; title_open_font_size=&#8221;14px&#8221; content_closed_font=&#8221;Mulish||||||||&#8221; content_closed_text_color=&#8221;#333333&#8243; content_closed_font_size=&#8221;14px&#8221; content_open_font=&#8221;Mulish||||||||&#8221; content_open_text_color=&#8221;#F5F5F5&#8243; content_open_font_size=&#8221;14px&#8221; content_open_line_height=&#8221;2em&#8221; border_color_all=&#8221;RGBA(0,0,0,0)&#8221; border_color_all_entries_closed=&#8221;RGBA(255,255,255,0)&#8221; border_width_bottom_entries_closed=&#8221;0px&#8221; border_color_bottom_entries_closed=&#8221;RGBA(255,255,255,0)&#8221; border_width_left_entries_closed=&#8221;0px&#8221; border_color_all_entries_open=&#8221;#FE5E15&#8243; border_color_top_entries_open=&#8221;RGBA(255,255,255,0)&#8221; border_color_right_entries_open=&#8221;RGBA(255,255,255,0)&#8221; border_color_bottom_entries_open=&#8221;RGBA(255,255,255,0)&#8221; border_color_left_entries_open=&#8221;RGBA(255,255,255,0)&#8221; border_color_all_title_closed=&#8221;RGBA(0,0,0,0)&#8221; locked=&#8221;off&#8221; global_colors_info=&#8221;{}&#8221;][\/dipi_faq][\/et_pb_column][\/et_pb_row][\/et_pb_section]<\/p>","protected":false},"excerpt":{"rendered":"<p>KontaktdatenBonner Str. 8442697 Solingen\u00a00212-64 57 479 36info@mundgesundheitsstiftung.de\u00a0<div class=\"et_pb_with_border et_pb_module dipi_dual_heading dipi_dual_heading_0\">\n\t\t\t\t\n\t\t\t\t\n\t\t\t\t\n\t\t\t\t\n\t\t\t\t\n\t\t\t\t\n\t\t\t\t<div class=\"et_pb_module_inner\">\n\t\t\t\t\t\n                <div class=\"dipi-dual-heading\">\n                    <h2 class=\"dipi-dh-main\">\n                        <span class=\"dipi-dh-first-heading\">\n                            <span class=\"dipi-dh-animation-container\">\n                                <span class=\"dipi-dh-bg-container\">\n                                    Get in touch with us\n                                <\/span>\n                            <\/span>\n                        <\/span>\n                        <span class=\"dipi-dh-second-heading\">\n                            <span class=\"dipi-dh-animation-container\">\n                                <span class=\"dipi-dh-bg-container\">\n                                    \n                                <\/span>\n                            <\/span>\n                        <\/span>\n                    <\/h2>\n                <\/div>\n\t\t\t\t<\/div>\n\t\t\t<\/div>Ein Netzwerk. Eine [&hellip;]<\/p>","protected":false},"author":1,"featured_media":0,"parent":0,"menu_order":0,"comment_status":"closed","ping_status":"closed","template":"","meta":{"_et_pb_use_builder":"on","_et_pb_old_content":"","_et_gb_content_width":"","footnotes":""},"dipi_cpt_category":[],"class_list":["post-824","page","type-page","status-publish","hentry"],"yoast_head":"<!-- This site is optimized with the Yoast SEO plugin v24.6 - https:\/\/yoast.com\/wordpress\/plugins\/seo\/ -->\n<title>Kontakt - DMS Deutsche Mundgesundheitsstiftung<\/title>\n<meta name=\"robots\" content=\"index, follow, max-snippet:-1, max-image-preview:large, max-video-preview:-1\" \/>\n<link rel=\"canonical\" href=\"https:\/\/die-mundgesundheitsstiftung.de\/en\/kontakt\/\" \/>\n<meta property=\"og:locale\" content=\"en_US\" \/>\n<meta property=\"og:type\" content=\"article\" \/>\n<meta property=\"og:title\" content=\"Kontakt - DMS Deutsche Mundgesundheitsstiftung\" \/>\n<meta property=\"og:description\" content=\"KontaktdatenBonner Str. 8442697 Solingen\u00a00212-64 57 479 36info@mundgesundheitsstiftung.de\u00a0Ein Netzwerk. Eine [&hellip;]\" \/>\n<meta property=\"og:url\" content=\"https:\/\/die-mundgesundheitsstiftung.de\/en\/kontakt\/\" \/>\n<meta property=\"og:site_name\" content=\"DMS Deutsche Mundgesundheitsstiftung\" \/>\n<meta property=\"article:modified_time\" content=\"2025-11-06T08:52:01+00:00\" \/>\n<meta name=\"twitter:card\" content=\"summary_large_image\" \/>\n<meta name=\"twitter:label1\" content=\"Est. reading time\" \/>\n\t<meta name=\"twitter:data1\" content=\"3 minutes\" \/>\n<script type=\"application\/ld+json\" class=\"yoast-schema-graph\">{\"@context\":\"https:\/\/schema.org\",\"@graph\":[{\"@type\":\"WebPage\",\"@id\":\"https:\/\/die-mundgesundheitsstiftung.de\/kontakt\/\",\"url\":\"https:\/\/die-mundgesundheitsstiftung.de\/kontakt\/\",\"name\":\"Kontakt - DMS Deutsche Mundgesundheitsstiftung\",\"isPartOf\":{\"@id\":\"https:\/\/die-mundgesundheitsstiftung.de\/#website\"},\"datePublished\":\"2022-02-15T20:06:50+00:00\",\"dateModified\":\"2025-11-06T08:52:01+00:00\",\"breadcrumb\":{\"@id\":\"https:\/\/die-mundgesundheitsstiftung.de\/kontakt\/#breadcrumb\"},\"inLanguage\":\"en-US\",\"potentialAction\":[{\"@type\":\"ReadAction\",\"target\":[\"https:\/\/die-mundgesundheitsstiftung.de\/kontakt\/\"]}]},{\"@type\":\"BreadcrumbList\",\"@id\":\"https:\/\/die-mundgesundheitsstiftung.de\/kontakt\/#breadcrumb\",\"itemListElement\":[{\"@type\":\"ListItem\",\"position\":1,\"name\":\"Startseite\",\"item\":\"https:\/\/die-mundgesundheitsstiftung.de\/\"},{\"@type\":\"ListItem\",\"position\":2,\"name\":\"Kontakt\"}]},{\"@type\":\"WebSite\",\"@id\":\"https:\/\/die-mundgesundheitsstiftung.de\/#website\",\"url\":\"https:\/\/die-mundgesundheitsstiftung.de\/\",\"name\":\"DMS Deutsche Mundgesundheitsstiftung\",\"description\":\"DMS Deutsche Mundgesundheitsstiftung\",\"potentialAction\":[{\"@type\":\"SearchAction\",\"target\":{\"@type\":\"EntryPoint\",\"urlTemplate\":\"https:\/\/die-mundgesundheitsstiftung.de\/?s={search_term_string}\"},\"query-input\":{\"@type\":\"PropertyValueSpecification\",\"valueRequired\":true,\"valueName\":\"search_term_string\"}}],\"inLanguage\":\"en-US\"}]}<\/script>\n<!-- \/ Yoast SEO plugin. -->","yoast_head_json":{"title":"Kontakt - DMS Deutsche Mundgesundheitsstiftung","robots":{"index":"index","follow":"follow","max-snippet":"max-snippet:-1","max-image-preview":"max-image-preview:large","max-video-preview":"max-video-preview:-1"},"canonical":"https:\/\/die-mundgesundheitsstiftung.de\/en\/kontakt\/","og_locale":"en_US","og_type":"article","og_title":"Kontakt - DMS Deutsche Mundgesundheitsstiftung","og_description":"KontaktdatenBonner Str. 8442697 Solingen\u00a00212-64 57 479 36info@mundgesundheitsstiftung.de\u00a0Ein Netzwerk. Eine [&hellip;]","og_url":"https:\/\/die-mundgesundheitsstiftung.de\/en\/kontakt\/","og_site_name":"DMS Deutsche Mundgesundheitsstiftung","article_modified_time":"2025-11-06T08:52:01+00:00","twitter_card":"summary_large_image","twitter_misc":{"Est. reading time":"3 minutes"},"schema":{"@context":"https:\/\/schema.org","@graph":[{"@type":"WebPage","@id":"https:\/\/die-mundgesundheitsstiftung.de\/kontakt\/","url":"https:\/\/die-mundgesundheitsstiftung.de\/kontakt\/","name":"Kontakt - DMS Deutsche Mundgesundheitsstiftung","isPartOf":{"@id":"https:\/\/die-mundgesundheitsstiftung.de\/#website"},"datePublished":"2022-02-15T20:06:50+00:00","dateModified":"2025-11-06T08:52:01+00:00","breadcrumb":{"@id":"https:\/\/die-mundgesundheitsstiftung.de\/kontakt\/#breadcrumb"},"inLanguage":"en-US","potentialAction":[{"@type":"ReadAction","target":["https:\/\/die-mundgesundheitsstiftung.de\/kontakt\/"]}]},{"@type":"BreadcrumbList","@id":"https:\/\/die-mundgesundheitsstiftung.de\/kontakt\/#breadcrumb","itemListElement":[{"@type":"ListItem","position":1,"name":"Startseite","item":"https:\/\/die-mundgesundheitsstiftung.de\/"},{"@type":"ListItem","position":2,"name":"Kontakt"}]},{"@type":"WebSite","@id":"https:\/\/die-mundgesundheitsstiftung.de\/#website","url":"https:\/\/die-mundgesundheitsstiftung.de\/","name":"DMS Deutsche Mundgesundheitsstiftung","description":"DMS Deutsche Mundgesundheitsstiftung","potentialAction":[{"@type":"SearchAction","target":{"@type":"EntryPoint","urlTemplate":"https:\/\/die-mundgesundheitsstiftung.de\/?s={search_term_string}"},"query-input":{"@type":"PropertyValueSpecification","valueRequired":true,"valueName":"search_term_string"}}],"inLanguage":"en-US"}]}},"_links":{"self":[{"href":"https:\/\/die-mundgesundheitsstiftung.de\/en\/wp-json\/wp\/v2\/pages\/824","targetHints":{"allow":["GET"]}}],"collection":[{"href":"https:\/\/die-mundgesundheitsstiftung.de\/en\/wp-json\/wp\/v2\/pages"}],"about":[{"href":"https:\/\/die-mundgesundheitsstiftung.de\/en\/wp-json\/wp\/v2\/types\/page"}],"author":[{"embeddable":true,"href":"https:\/\/die-mundgesundheitsstiftung.de\/en\/wp-json\/wp\/v2\/users\/1"}],"replies":[{"embeddable":true,"href":"https:\/\/die-mundgesundheitsstiftung.de\/en\/wp-json\/wp\/v2\/comments?post=824"}],"version-history":[{"count":1,"href":"https:\/\/die-mundgesundheitsstiftung.de\/en\/wp-json\/wp\/v2\/pages\/824\/revisions"}],"predecessor-version":[{"id":27585134,"href":"https:\/\/die-mundgesundheitsstiftung.de\/en\/wp-json\/wp\/v2\/pages\/824\/revisions\/27585134"}],"wp:attachment":[{"href":"https:\/\/die-mundgesundheitsstiftung.de\/en\/wp-json\/wp\/v2\/media?parent=824"}],"wp:term":[{"taxonomy":"dipi_cpt_category","embeddable":true,"href":"https:\/\/die-mundgesundheitsstiftung.de\/en\/wp-json\/wp\/v2\/dipi_cpt_category?post=824"}],"curies":[{"name":"wp","href":"https:\/\/api.w.org\/{rel}","templated":true}]}}